{"id":1005,"date":"2026-02-23T18:54:03","date_gmt":"2026-02-23T16:54:03","guid":{"rendered":"https:\/\/clinicadentalsitges.com\/politica-de-cookies\/"},"modified":"2026-02-23T18:54:33","modified_gmt":"2026-02-23T16:54:33","slug":"politica-de-cookies","status":"publish","type":"page","link":"https:\/\/clinicadentalsitges.com\/es\/politica-de-cookies\/","title":{"rendered":"Pol\u00edtica de cookies"},"content":{"rendered":"<p><strong>Politica de cookies<\/strong><\/p>\n<p><strong>Informaci\u00f3 sobre cookies<\/strong><\/p>\n<p>En compliment amb el deure d&#8217; informaci\u00f3 recollit a l&#8217; apartat 2\u00ba de l&#8217; article 22 de la Llei 34\/2002, d&#8217;11 de Juliol, de Serveis de la Societat de la Informaci\u00f3 i del Comer\u00e7 Electr\u00f2nic, la present pol\u00edtica de cookies t\u00e9 per finalitat informar-li de manera clara i precisa sobre les cookies que s&#8217; utilitzen a la p\u00e0gina web de Atenci\u00f3 Dental Manresa, SLP<\/p>\n<p><strong>Qu\u00e8 s\u00f3n les cookies?<\/strong><\/p>\n<p>Una cookie \u00e9s un fitxer de petit tamany que els llocs web envien al navegador i es descarreguen en el seu ordinador.<\/p>\n<p>Les cookies permeten que la p\u00e0gina web emmagatzemi i recuperi la informaci\u00f3 sobre la seva visita, com la seva prefer\u00e8ncia d&#8217; idioma i altres opcions, amb la finalitat de millorar els serveis que s&#8217; ofereixen i contribuir a tenir una millor experi\u00e8ncia de navegaci\u00f3 per a l&#8217; usuari.<\/p>\n<p><strong>Autoritzaci\u00f3 per a l&#8217; \u00fas de cookies<\/strong><\/p>\n<p>De conformitat amb l&#8217; av\u00eds de cookies que apareix en el lloc web, l&#8217; usuari accepta que, en navegar pel mateix, consent expressament l&#8217; \u00fas de cookies segons la descripci\u00f3 que a continuaci\u00f3 es detalla, sense perjudici que l&#8217; usuari pugui modificar la configuraci\u00f3 del seu navegador per rebutjar l&#8217; \u00fas de les cookies.<\/p>\n<p><strong>Tipus de cookies<\/strong><\/p>\n<p>En funci\u00f3 de qui gestioni el domini des d&#8217; on s&#8217; envien les cookies i es tractin les dades, es distingir\u00e0 entre cookies pr\u00f2pies i cookies de tercers.<\/p>\n<p>Les cookies tamb\u00e9 poden classificar-se segons el termini de temps que romanguin emmagatzemades en el navegador de l&#8217; usuari, distingint-se entre cookies de sessi\u00f3 o cookies persistents.<\/p>\n<p>Finalment, en funci\u00f3 de la finalitat per la qual es tracti la informaci\u00f3 recopilada, les cookies es poden classificar en les seg\u00fcents categories:<\/p>\n<ul>\n<li>Cookies t\u00e8cniques: permeten a l&#8217; usuari navegar per un lloc web i utilitzar alguns dels serveis oferts pel mateix (com per exemple, les que serveixen per recordar els elements integrants d&#8217; un carret de compra).<\/li>\n<li>Cookies de personalitzaci\u00f3: permeten que l&#8217; usuari accedeixi al lloc web amb unes caracter\u00edstiques determinades, com pot ser l&#8217; idioma.<\/li>\n<li>Cookies de seguretat: serveixen per impedir o dificultar els atacs contra el lloc web.<\/li>\n<li>Cookies de complement per intercanviar continguts socials: els anomenats plug-in, que permeten compartir continguts en xarxes socials.<\/li>\n<li>Cookies d&#8217; an\u00e0lisi: permeten al responsable el seguiment del comportament de l&#8217; usuari.<\/li>\n<li>Cookies publicit\u00e0ries: permeten gestionar els espais de publicitat del lloc web.<\/li>\n<li>Cookies de publicitat comportamental: com les anteriors, serveixen per gestionar els espais de publicitat del lloc web en funci\u00f3 de la informaci\u00f3 recollida sobre el comportament de l&#8217; usuari i els seus h\u00e0bits, adaptant la publicitat al perfil de l&#8217; usuari.<\/li>\n<li>Cookies de geolocalizaci\u00f3: utilitzades per esbrinar el pa\u00eds on es troba el usuari.<\/li>\n<\/ul>\n<p>&nbsp;<\/p>\n<p><strong>Com modificar la configuraci\u00f3 de les cookies<\/strong><\/p>\n<p>Vost\u00e8 pot restringir, bloquejar o esborrar les cookies de Atenci\u00f3 Dental Manresa, SLP o qualsevol altra p\u00e0gina web utilitzant el seu navegador. En cada navegador l&#8217; operativa \u00e9s diferent, pot trobar com fer-ho en el men\u00fa d&#8217; ajuda del seu navegador on s&#8217; estableix el procediment per a la seva eliminaci\u00f3. Per a m\u00e9s informaci\u00f3:<\/p>\n<p>Google Chrome:<\/p>\n<p><a href=\"https:\/\/support.google.com\/chrome\/answer\/95647?co=genie.platform%3DDesktop&amp;hl=\u00e9s\" target=\"_blank\" rel=\"noopener\">https:\/\/support.google.com\/chrome\/answer\/95647?co=genie.platform%3DDesktop&amp;hl=\u00e9s<\/a><\/p>\n<p>Mozilla Firefox:<\/p>\n<p><a href=\"https:\/\/support.mozilla.org\/es\/kb\/habilitar-y-deshabilitar-cookies-sitios-web-rastrear-preferencias\" target=\"_blank\" rel=\"noopener\">https:\/\/support.mozilla.org\/es\/kb\/habilitar-y-deshabilitar-cookies-sitios-web-rastrear-preferencias<\/a><\/p>\n<p>Safari:<\/p>\n<p><a href=\"https:\/\/support.apple.com\/es-es\/guide\/safari\/sfri11471\/mac\" target=\"_blank\" rel=\"noopener\">https:\/\/support.apple.com\/es-es\/guide\/safari\/sfri11471\/mac<\/a><\/p>\n<p>Internet Explorer:<\/p>\n<p><a href=\"https:\/\/support.microsoft.com\/es-es\/help\/278835\/how-to-delete-cookie-files-in-internet-explorer\" target=\"_blank\" rel=\"noopener\">https:\/\/support.microsoft.com\/es-es\/help\/278835\/how-to-delete-cookie-files-in-internet-explorer<\/a><\/p>\n<p>\u00c9s possible que en deshabilitar les cookies la p\u00e0gina web no funcioni correctament o no pugui accedir a determinades funcions de la mateixa.<\/p>\n<p><strong>\u00a0<\/strong><\/p>\n<p><strong>Cookies utilitzades a la web<\/strong><\/p>\n<p>Al portal web s&#8217; utilitzen diferents tipus de cookies amb diferents finalitats, a continuaci\u00f3 s&#8217; enumeren les cookies empleades:<\/p>\n<table width=\"680\">\n<thead>\n<tr>\n<td width=\"80\"><strong>Tipus de cookies<\/strong><\/td>\n<td width=\"104\"><strong>cookies<\/strong><\/td>\n<td width=\"96\"><strong>Durada<\/strong><\/td>\n<td width=\"192\"><strong>\u00das<\/strong><\/td>\n<td width=\"208\"><strong>Pol\u00edtica<\/strong><\/td>\n<\/tr>\n<\/thead>\n<tbody>\n<tr>\n<td width=\"80\">Anal\u00edtica<\/td>\n<td width=\"104\">_ga<\/td>\n<td width=\"96\">2 anys<\/td>\n<td width=\"192\">Serveix per comptar quantes persones visiten el web rastrejant si l\u2019han visitat abans.<\/td>\n<td width=\"208\"><a href=\"https:\/\/developers.google.com\/analytics\/devguides\/collection\/analyticsjs\/cookie-usage\" target=\"_blank\" rel=\"noopener\">Pol\u00edtica de Google Analytics<\/a><\/td>\n<\/tr>\n<tr>\n<td width=\"80\">Anal\u00edtica<\/td>\n<td width=\"104\">_gid<\/td>\n<td width=\"96\">24 hores<\/td>\n<td width=\"192\">Serveix per comptar quantes persones visiten el web rastrejant si l\u2019han visitat abans.<\/td>\n<td width=\"208\"><a href=\"https:\/\/developers.google.com\/analytics\/devguides\/collection\/analyticsjs\/cookie-usage\" target=\"_blank\" rel=\"noopener\">Pol\u00edtica de Google Analytics<\/a><\/td>\n<\/tr>\n<tr>\n<td width=\"80\">Anal\u00edtica<\/td>\n<td width=\"104\">_gat_<\/td>\n<td width=\"96\">1 minut<\/td>\n<td width=\"192\">S\u2019utilitza per limitar el percentatge de sol\u00b7licituds.<\/td>\n<td width=\"208\"><a href=\"https:\/\/developers.google.com\/analytics\/devguides\/collection\/analyticsjs\/cookie-usage\" target=\"_blank\" rel=\"noopener\">Pol\u00edtica de Google Analytics<\/a><\/td>\n<\/tr>\n<tr>\n<td width=\"80\">Anal\u00edtica<\/td>\n<td width=\"104\">_nmstat<\/td>\n<td width=\"96\">1.000 dies<\/td>\n<td width=\"192\">Serveix per identificar usuaris an\u00f2nimament.<\/td>\n<td width=\"208\"><a href=\"https:\/\/support.siteimprove.com\/hc\/en-gb\/articles\/115000070092-Analytics-Technical-Specifications\" target=\"_blank\" rel=\"noopener\">Pol\u00edtica de Siteimprove<\/a><\/td>\n<\/tr>\n<tr>\n<td width=\"80\">Gestor de contingut<\/td>\n<td width=\"104\">JSESSIONID<\/td>\n<td width=\"96\">Durada de la sessi\u00f3 web<\/td>\n<td width=\"192\">cookies t\u00e8cnica utilitzada per servidors d&#8217;aplicacions Java com Tomcat, per mantenir i identificar la sessi\u00f3 de l&#8217;usuari.<\/td>\n<td width=\"208\"><\/td>\n<\/tr>\n<\/tbody>\n<\/table>\n<p><strong>\u00a0<\/strong><\/p>\n<p><strong>Modificaci\u00f3 de les condicions<\/strong><\/p>\n<p>Atenci\u00f3 Dental Manresa, SLP es reserva expressament el dret a modificar unilateralment, total o parcialment, sense necessitat de previ av\u00eds, la present Pol\u00edtica de Cookies. L&#8217; usuari reconeix i accepta que \u00e9s la seva responsabilitat revisar la present Pol\u00edtica de Cookies.<\/p>\n","protected":false},"excerpt":{"rendered":"<p>Politica de cookies Informaci\u00f3 sobre cookies En compliment amb el  [&#8230;]<\/p>\n","protected":false},"author":1,"featured_media":0,"parent":0,"menu_order":0,"comment_status":"closed","ping_status":"closed","template":"100-width.php","meta":{"footnotes":""},"class_list":["post-1005","page","type-page","status-publish","hentry"],"_links":{"self":[{"href":"https:\/\/clinicadentalsitges.com\/es\/wp-json\/wp\/v2\/pages\/1005","targetHints":{"allow":["GET"]}}],"collection":[{"href":"https:\/\/clinicadentalsitges.com\/es\/wp-json\/wp\/v2\/pages"}],"about":[{"href":"https:\/\/clinicadentalsitges.com\/es\/wp-json\/wp\/v2\/types\/page"}],"author":[{"embeddable":true,"href":"https:\/\/clinicadentalsitges.com\/es\/wp-json\/wp\/v2\/users\/1"}],"replies":[{"embeddable":true,"href":"https:\/\/clinicadentalsitges.com\/es\/wp-json\/wp\/v2\/comments?post=1005"}],"version-history":[{"count":1,"href":"https:\/\/clinicadentalsitges.com\/es\/wp-json\/wp\/v2\/pages\/1005\/revisions"}],"predecessor-version":[{"id":1008,"href":"https:\/\/clinicadentalsitges.com\/es\/wp-json\/wp\/v2\/pages\/1005\/revisions\/1008"}],"wp:attachment":[{"href":"https:\/\/clinicadentalsitges.com\/es\/wp-json\/wp\/v2\/media?parent=1005"}],"curies":[{"name":"wp","href":"https:\/\/api.w.org\/{rel}","templated":true}]}}