{"id":543,"date":"2026-01-20T11:08:21","date_gmt":"2026-01-20T09:08:21","guid":{"rendered":"https:\/\/beta.whatmkt.com\/clinica\/blog\/"},"modified":"2026-02-17T16:00:45","modified_gmt":"2026-02-17T14:00:45","slug":"blog","status":"publish","type":"page","link":"https:\/\/clinicadentalsitges.com\/es\/blog\/","title":{"rendered":"Blog"},"content":{"rendered":"<div class=\"fusion-fullwidth fullwidth-box fusion-builder-row-1 fusion-flex-container has-pattern-background has-mask-background hundred-percent-fullwidth non-hundred-percent-height-scrolling\" style=\"--awb-border-radius-top-left:0px;--awb-border-radius-top-right:0px;--awb-border-radius-bottom-right:0px;--awb-border-radius-bottom-left:0px;--awb-padding-top:3%;--awb-padding-bottom:3%;--awb-flex-wrap:wrap;\" ><div class=\"fusion-builder-row fusion-row fusion-flex-align-items-flex-start fusion-flex-content-wrap\" style=\"width:104% !important;max-width:104% !important;margin-left: calc(-4% \/ 2 );margin-right: calc(-4% \/ 2 );\"><div class=\"fusion-layout-column fusion_builder_column fusion-builder-column-0 fusion_builder_column_1_1 1_1 fusion-flex-column\" style=\"--awb-bg-size:cover;--awb-width-large:100%;--awb-margin-top-large:0px;--awb-spacing-right-large:1.92%;--awb-margin-bottom-large:20px;--awb-spacing-left-large:1.92%;--awb-width-medium:100%;--awb-order-medium:0;--awb-spacing-right-medium:1.92%;--awb-spacing-left-medium:1.92%;--awb-width-small:100%;--awb-order-small:0;--awb-spacing-right-small:1.92%;--awb-spacing-left-small:1.92%;\"><div class=\"fusion-column-wrapper fusion-column-has-shadow fusion-flex-justify-content-flex-start fusion-content-layout-column\"><div class=\"fusion-blog-shortcode fusion-blog-shortcode-1 fusion-blog-archive fusion-blog-layout-medium-alternate fusion-blog-infinite\" style=\"--awb-title-font-size:20px;\"><div class=\"fusion-posts-container fusion-posts-container-infinite fusion-no-meta-info fusion-blog-rollover\" data-pages=\"2\"><article id=\"blog-1-post-1110\" class=\"fusion-post-medium-alternate post-1110 post type-post status-publish format-standard has-post-thumbnail hentry category-blog\">\n<div class=\"fusion-date-and-formats\"><div class=\"fusion-date-box updated\"><span class=\"fusion-date\">27<\/span><span class=\"fusion-month-year\">03, 2026<\/span><\/div><div class=\"fusion-format-box\"><i class=\"awb-icon-pen\" aria-hidden=\"true\"><\/i><\/div><\/div>\t<style type=\"text\/css\">\n\t\t\n\t\t\n\t\t\n\t\t\n\t\t\t<\/style>\n\n\n\t\t\t<div class=\"fusion-flexslider flexslider fusion-flexslider-loading fusion-post-slideshow\" style=\"\">\n\t\t<ul class=\"slides\">\n\t\t\t\n\t\t\t\t\t\t\t\t\t\t\t\t\t\t<li><div  class=\"fusion-image-wrapper fusion-image-size-fixed\" aria-haspopup=\"true\">\n\t\t\t\t<img decoding=\"async\" width=\"320\" height=\"202\" src=\"https:\/\/clinicadentalsitges.com\/wp-content\/uploads\/2026\/03\/clinica-dental-sitges-dentista-4-320x202.jpg\" class=\"attachment-blog-medium size-blog-medium lazyload wp-post-image\" alt=\"Clinica Dental Sitges Dentista 4\" srcset=\"data:image\/svg+xml,%3Csvg%20xmlns%3D%27http%3A%2F%2Fwww.w3.org%2F2000%2Fsvg%27%20width%3D%271500%27%20height%3D%271000%27%20viewBox%3D%270%200%201500%201000%27%3E%3Crect%20width%3D%271500%27%20height%3D%271000%27%20fill-opacity%3D%220%22%2F%3E%3C%2Fsvg%3E\" data-orig-src=\"https:\/\/clinicadentalsitges.com\/wp-content\/uploads\/2026\/03\/clinica-dental-sitges-dentista-4-320x202.jpg\" data-srcset=\"https:\/\/clinicadentalsitges.com\/wp-content\/uploads\/2026\/03\/clinica-dental-sitges-dentista-4-320x202.jpg 320w, https:\/\/clinicadentalsitges.com\/wp-content\/uploads\/2026\/03\/clinica-dental-sitges-dentista-4-700x441.jpg 700w\" data-sizes=\"auto\" title=\"\" data-orig-><div class=\"fusion-rollover\">\n\t<div class=\"fusion-rollover-content\">\n\n\t\t\t\t\n\t\t\n\t\t\t\t\t\t\t\t\t\t\t\t<h4 class=\"fusion-rollover-title\">\n\t\t\t\t\t<a class=\"fusion-rollover-title-link\" href=\"https:\/\/clinicadentalsitges.com\/es\/blog\/dentista-bages\/\">\n\t\t\t\t\t\tDentista Bages: atenci\u00f3n integral para toda la familia\t\t\t\t\t<\/a>\n\t\t\t\t<\/h4>\n\t\t\t\n\t\t\t\t\t\t\t\t\t\t<div class=\"fusion-rollover-categories\"><a href=\"https:\/\/clinicadentalsitges.com\/es\/category\/blog\/\" rel=\"tag\">Blog<\/a><\/div>\t\t\t\t\t\n\t\t\n\t\t\t\t\t\t<a class=\"fusion-link-wrapper\" href=\"https:\/\/clinicadentalsitges.com\/es\/blog\/dentista-bages\/\" aria-label=\"Dentista Bages: atenci\u00f3n integral para toda la familia\"><\/a>\n\t<\/div>\n<\/div>\n<\/div>\n<\/li>\n\t\t\t\n\t\t\t\n\t\t\t\t\t\t\t\t\t\t\t\t\t\t\t\t\t\t\t\t\t\t\t\t\t\t\t\t\t\t\t\t\t\t\t\t\t\t\t\t\t\t\t\t\t\t\t\t\t\t\t\t\t\t\t\t\t\t\t\t\t\t\t\t\t\t\t\t<\/ul>\n\t<\/div>\n\t<div class=\"fusion-post-content post-content\"><h2 class=\"blog-shortcode-post-title entry-title\"><a href=\"https:\/\/clinicadentalsitges.com\/es\/blog\/dentista-bages\/\">Dentista Bages: atenci\u00f3n integral para toda la familia<\/a><\/h2><div class=\"fusion-post-content-container\"><p> Cl\u00ednica Dental Drs. Sitges es la cl\u00ednica de referencia para cuidar la salud bucodental de su familia Encontrar un dentista de confianza en la comarca del Bages es fundamental para mantener una buena salud bucodental a lo largo de todas las etapas de la [...]<\/p><\/div><\/div><div class=\"fusion-clearfix\"><\/div><\/article>\n<article id=\"blog-1-post-1169\" class=\"fusion-post-medium-alternate post-1169 post type-post status-publish format-standard has-post-thumbnail hentry category-blog\">\n<div class=\"fusion-date-and-formats\"><div class=\"fusion-date-box updated\"><span class=\"fusion-date\">23<\/span><span class=\"fusion-month-year\">03, 2026<\/span><\/div><div class=\"fusion-format-box\"><i class=\"awb-icon-pen\" aria-hidden=\"true\"><\/i><\/div><\/div>\t<style type=\"text\/css\">\n\t\t\n\t\t\n\t\t\n\t\t\n\t\t\t<\/style>\n\n\n\t\t\t<div class=\"fusion-flexslider flexslider fusion-flexslider-loading fusion-post-slideshow\" style=\"\">\n\t\t<ul class=\"slides\">\n\t\t\t\n\t\t\t\t\t\t\t\t\t\t\t\t\t\t<li><div  class=\"fusion-image-wrapper fusion-image-size-fixed\" aria-haspopup=\"true\">\n\t\t\t\t<img decoding=\"async\" width=\"320\" height=\"202\" src=\"https:\/\/clinicadentalsitges.com\/wp-content\/uploads\/2026\/03\/clinica-dental-sitges-5-320x202.jpg\" class=\"attachment-blog-medium size-blog-medium lazyload wp-post-image\" alt=\"Clinica Dental Sitges 5\" srcset=\"data:image\/svg+xml,%3Csvg%20xmlns%3D%27http%3A%2F%2Fwww.w3.org%2F2000%2Fsvg%27%20width%3D%271500%27%20height%3D%271000%27%20viewBox%3D%270%200%201500%201000%27%3E%3Crect%20width%3D%271500%27%20height%3D%271000%27%20fill-opacity%3D%220%22%2F%3E%3C%2Fsvg%3E\" data-orig-src=\"https:\/\/clinicadentalsitges.com\/wp-content\/uploads\/2026\/03\/clinica-dental-sitges-5-320x202.jpg\" data-srcset=\"https:\/\/clinicadentalsitges.com\/wp-content\/uploads\/2026\/03\/clinica-dental-sitges-5-320x202.jpg 320w, https:\/\/clinicadentalsitges.com\/wp-content\/uploads\/2026\/03\/clinica-dental-sitges-5-700x441.jpg 700w\" data-sizes=\"auto\" title=\"\" data-orig-><div class=\"fusion-rollover\">\n\t<div class=\"fusion-rollover-content\">\n\n\t\t\t\t\n\t\t\n\t\t\t\t\t\t\t\t\t\t\t\t<h4 class=\"fusion-rollover-title\">\n\t\t\t\t\t<a class=\"fusion-rollover-title-link\" href=\"https:\/\/clinicadentalsitges.com\/es\/blog\/clinica-dental-cardioprotegida\/\">\n\t\t\t\t\t\tCl\u00ednica dental cardioprotegida en Manresa: seguridad con desfibrilador para nuestros pacientes\t\t\t\t\t<\/a>\n\t\t\t\t<\/h4>\n\t\t\t\n\t\t\t\t\t\t\t\t\t\t<div class=\"fusion-rollover-categories\"><a href=\"https:\/\/clinicadentalsitges.com\/es\/category\/blog\/\" rel=\"tag\">Blog<\/a><\/div>\t\t\t\t\t\n\t\t\n\t\t\t\t\t\t<a class=\"fusion-link-wrapper\" href=\"https:\/\/clinicadentalsitges.com\/es\/blog\/clinica-dental-cardioprotegida\/\" aria-label=\"Cl\u00ednica dental cardioprotegida en Manresa: seguridad con desfibrilador para nuestros pacientes\"><\/a>\n\t<\/div>\n<\/div>\n<\/div>\n<\/li>\n\t\t\t\n\t\t\t\n\t\t\t\t\t\t\t\t\t\t\t\t\t\t\t\t\t\t\t\t\t\t\t\t\t\t\t\t\t\t\t\t\t\t\t\t\t\t\t\t\t\t\t\t\t\t\t\t\t\t\t\t\t\t\t\t\t\t\t\t\t\t\t\t\t\t\t\t<\/ul>\n\t<\/div>\n\t<div class=\"fusion-post-content post-content\"><h2 class=\"blog-shortcode-post-title entry-title\"><a href=\"https:\/\/clinicadentalsitges.com\/es\/blog\/clinica-dental-cardioprotegida\/\">Cl\u00ednica dental cardioprotegida en Manresa: seguridad con desfibrilador para nuestros pacientes<\/a><\/h2><div class=\"fusion-post-content-container\"><p>  La salud de nuestros pacientes es siempre la m\u00e1xima prioridad. En nuestra cl\u00ednica dental de Manresa no solo cuidamos de su sonrisa, sino tambi\u00e9n de su bienestar general. Por ello, contamos con un desfibrilador y un equipo formado para actuar ante cualquier emergencia [...]<\/p><\/div><\/div><div class=\"fusion-clearfix\"><\/div><\/article>\n<article id=\"blog-1-post-1145\" class=\"fusion-post-medium-alternate post-1145 post type-post status-publish format-standard has-post-thumbnail hentry category-blog\">\n<div class=\"fusion-date-and-formats\"><div class=\"fusion-date-box updated\"><span class=\"fusion-date\">10<\/span><span class=\"fusion-month-year\">03, 2026<\/span><\/div><div class=\"fusion-format-box\"><i class=\"awb-icon-pen\" aria-hidden=\"true\"><\/i><\/div><\/div>\t<style type=\"text\/css\">\n\t\t\n\t\t\n\t\t\n\t\t\n\t\t\t<\/style>\n\n\n\t\t\t<div class=\"fusion-flexslider flexslider fusion-flexslider-loading fusion-post-slideshow\" style=\"\">\n\t\t<ul class=\"slides\">\n\t\t\t\n\t\t\t\t\t\t\t\t\t\t\t\t\t\t<li><div  class=\"fusion-image-wrapper fusion-image-size-fixed\" aria-haspopup=\"true\">\n\t\t\t\t<img decoding=\"async\" width=\"320\" height=\"202\" src=\"https:\/\/clinicadentalsitges.com\/wp-content\/uploads\/2026\/03\/clinica-dental-sitges-caries-2-320x202.jpg\" class=\"attachment-blog-medium size-blog-medium lazyload wp-post-image\" alt=\"Clinica Dental Sitges Caries 2\" srcset=\"data:image\/svg+xml,%3Csvg%20xmlns%3D%27http%3A%2F%2Fwww.w3.org%2F2000%2Fsvg%27%20width%3D%271500%27%20height%3D%271000%27%20viewBox%3D%270%200%201500%201000%27%3E%3Crect%20width%3D%271500%27%20height%3D%271000%27%20fill-opacity%3D%220%22%2F%3E%3C%2Fsvg%3E\" data-orig-src=\"https:\/\/clinicadentalsitges.com\/wp-content\/uploads\/2026\/03\/clinica-dental-sitges-caries-2-320x202.jpg\" data-srcset=\"https:\/\/clinicadentalsitges.com\/wp-content\/uploads\/2026\/03\/clinica-dental-sitges-caries-2-320x202.jpg 320w, https:\/\/clinicadentalsitges.com\/wp-content\/uploads\/2026\/03\/clinica-dental-sitges-caries-2-700x441.jpg 700w\" data-sizes=\"auto\" title=\"\" data-orig-><div class=\"fusion-rollover\">\n\t<div class=\"fusion-rollover-content\">\n\n\t\t\t\t\n\t\t\n\t\t\t\t\t\t\t\t\t\t\t\t<h4 class=\"fusion-rollover-title\">\n\t\t\t\t\t<a class=\"fusion-rollover-title-link\" href=\"https:\/\/clinicadentalsitges.com\/es\/blog\/caries-manresa\/\">\n\t\t\t\t\t\tCaries Manresa: c\u00f3mo afectan a su salud bucodental y c\u00f3mo tratarlas\t\t\t\t\t<\/a>\n\t\t\t\t<\/h4>\n\t\t\t\n\t\t\t\t\t\t\t\t\t\t<div class=\"fusion-rollover-categories\"><a href=\"https:\/\/clinicadentalsitges.com\/es\/category\/blog\/\" rel=\"tag\">Blog<\/a><\/div>\t\t\t\t\t\n\t\t\n\t\t\t\t\t\t<a class=\"fusion-link-wrapper\" href=\"https:\/\/clinicadentalsitges.com\/es\/blog\/caries-manresa\/\" aria-label=\"Caries Manresa: c\u00f3mo afectan a su salud bucodental y c\u00f3mo tratarlas\"><\/a>\n\t<\/div>\n<\/div>\n<\/div>\n<\/li>\n\t\t\t\n\t\t\t\n\t\t\t\t\t\t\t\t\t\t\t\t\t\t\t\t\t\t\t\t\t\t\t\t\t\t\t\t\t\t\t\t\t\t\t\t\t\t\t\t\t\t\t\t\t\t\t\t\t\t\t\t\t\t\t\t\t\t\t\t\t\t\t\t\t\t\t\t<\/ul>\n\t<\/div>\n\t<div class=\"fusion-post-content post-content\"><h2 class=\"blog-shortcode-post-title entry-title\"><a href=\"https:\/\/clinicadentalsitges.com\/es\/blog\/caries-manresa\/\">Caries Manresa: c\u00f3mo afectan a su salud bucodental y c\u00f3mo tratarlas<\/a><\/h2><div class=\"fusion-post-content-container\"><p> La caries dental es uno de los problemas de salud bucal m\u00e1s recurrente La caries dental es uno de los problemas m\u00e1s frecuentes en la salud bucal y puede afectar a personas de todas las edades. En nuestra cl\u00ednica dental en Manresa, queremos concienciar [...]<\/p><\/div><\/div><div class=\"fusion-clearfix\"><\/div><\/article>\n<article id=\"blog-1-post-1072\" class=\"fusion-post-medium-alternate post-1072 post type-post status-publish format-standard has-post-thumbnail hentry category-blog\">\n<div class=\"fusion-date-and-formats\"><div class=\"fusion-date-box updated\"><span class=\"fusion-date\">25<\/span><span class=\"fusion-month-year\">02, 2026<\/span><\/div><div class=\"fusion-format-box\"><i class=\"awb-icon-pen\" aria-hidden=\"true\"><\/i><\/div><\/div>\t<style type=\"text\/css\">\n\t\t\n\t\t\n\t\t\n\t\t\n\t\t\t<\/style>\n\n\n\t\t\t<div class=\"fusion-flexslider flexslider fusion-flexslider-loading fusion-post-slideshow\" style=\"\">\n\t\t<ul class=\"slides\">\n\t\t\t\n\t\t\t\t\t\t\t\t\t\t\t\t\t\t<li><div  class=\"fusion-image-wrapper fusion-image-size-fixed\" aria-haspopup=\"true\">\n\t\t\t\t<img decoding=\"async\" width=\"320\" height=\"202\" src=\"https:\/\/clinicadentalsitges.com\/wp-content\/uploads\/2026\/02\/clinica-dental-sitges-estetica-dental-1-320x202.webp\" class=\"attachment-blog-medium size-blog-medium lazyload wp-post-image\" alt=\"Clinica Dental Sitges Estetica Dental 1\" srcset=\"data:image\/svg+xml,%3Csvg%20xmlns%3D%27http%3A%2F%2Fwww.w3.org%2F2000%2Fsvg%27%20width%3D%272000%27%20height%3D%271500%27%20viewBox%3D%270%200%202000%201500%27%3E%3Crect%20width%3D%272000%27%20height%3D%271500%27%20fill-opacity%3D%220%22%2F%3E%3C%2Fsvg%3E\" data-orig-src=\"https:\/\/clinicadentalsitges.com\/wp-content\/uploads\/2026\/02\/clinica-dental-sitges-estetica-dental-1-320x202.webp\" data-srcset=\"https:\/\/clinicadentalsitges.com\/wp-content\/uploads\/2026\/02\/clinica-dental-sitges-estetica-dental-1-320x202.webp 320w, https:\/\/clinicadentalsitges.com\/wp-content\/uploads\/2026\/02\/clinica-dental-sitges-estetica-dental-1-700x441.webp 700w\" data-sizes=\"auto\" title=\"\" data-orig-><div class=\"fusion-rollover\">\n\t<div class=\"fusion-rollover-content\">\n\n\t\t\t\t\n\t\t\n\t\t\t\t\t\t\t\t\t\t\t\t<h4 class=\"fusion-rollover-title\">\n\t\t\t\t\t<a class=\"fusion-rollover-title-link\" href=\"https:\/\/clinicadentalsitges.com\/es\/blog\/estetica-dental-manresa\/\">\n\t\t\t\t\t\tEst\u00e9tica dental Manresa: consiga una sonrisa m\u00e1s saludable y atractiva\t\t\t\t\t<\/a>\n\t\t\t\t<\/h4>\n\t\t\t\n\t\t\t\t\t\t\t\t\t\t<div class=\"fusion-rollover-categories\"><a href=\"https:\/\/clinicadentalsitges.com\/es\/category\/blog\/\" rel=\"tag\">Blog<\/a><\/div>\t\t\t\t\t\n\t\t\n\t\t\t\t\t\t<a class=\"fusion-link-wrapper\" href=\"https:\/\/clinicadentalsitges.com\/es\/blog\/estetica-dental-manresa\/\" aria-label=\"Est\u00e9tica dental Manresa: consiga una sonrisa m\u00e1s saludable y atractiva\"><\/a>\n\t<\/div>\n<\/div>\n<\/div>\n<\/li>\n\t\t\t\n\t\t\t\n\t\t\t\t\t\t\t\t\t\t\t\t\t\t\t\t\t\t\t\t\t\t\t\t\t\t\t\t\t\t\t\t\t\t\t\t\t\t\t\t\t\t\t\t\t\t\t\t\t\t\t\t\t\t\t\t\t\t\t\t\t\t\t\t\t\t\t\t<\/ul>\n\t<\/div>\n\t<div class=\"fusion-post-content post-content\"><h2 class=\"blog-shortcode-post-title entry-title\"><a href=\"https:\/\/clinicadentalsitges.com\/es\/blog\/estetica-dental-manresa\/\">Est\u00e9tica dental Manresa: consiga una sonrisa m\u00e1s saludable y atractiva<\/a><\/h2><div class=\"fusion-post-content-container\"><p> \u00bfSabe cu\u00e1les son los beneficios de la est\u00e9tica dental? En nuestra cl\u00ednica dental en Manresa, entendemos que una sonrisa bonita no es solo una cuesti\u00f3n de apariencia, sino tambi\u00e9n de salud y confianza. Por eso ofrecemos soluciones de est\u00e9tica dental Manresa que combinan funcionalidad, [...]<\/p><\/div><\/div><div class=\"fusion-clearfix\"><\/div><\/article>\n<article id=\"blog-1-post-816\" class=\"fusion-post-medium-alternate post-816 post type-post status-publish format-standard has-post-thumbnail hentry category-blog\">\n<div class=\"fusion-date-and-formats\"><div class=\"fusion-date-box updated\"><span class=\"fusion-date\">10<\/span><span class=\"fusion-month-year\">02, 2026<\/span><\/div><div class=\"fusion-format-box\"><i class=\"awb-icon-pen\" aria-hidden=\"true\"><\/i><\/div><\/div>\t<style type=\"text\/css\">\n\t\t\n\t\t\n\t\t\n\t\t\n\t\t\t<\/style>\n\n\n\t\t\t<div class=\"fusion-flexslider flexslider fusion-flexslider-loading fusion-post-slideshow\" style=\"\">\n\t\t<ul class=\"slides\">\n\t\t\t\n\t\t\t\t\t\t\t\t\t\t\t\t\t\t<li><div  class=\"fusion-image-wrapper fusion-image-size-fixed\" aria-haspopup=\"true\">\n\t\t\t\t<img decoding=\"async\" width=\"320\" height=\"202\" src=\"https:\/\/clinicadentalsitges.com\/wp-content\/uploads\/2026\/02\/clinica-dental-sitges-dentista-ortodoncia-3-320x202.webp\" class=\"attachment-blog-medium size-blog-medium lazyload wp-post-image\" alt=\"Clinica Dental Sitges Dentista Ortodoncia 3\" srcset=\"data:image\/svg+xml,%3Csvg%20xmlns%3D%27http%3A%2F%2Fwww.w3.org%2F2000%2Fsvg%27%20width%3D%272000%27%20height%3D%271500%27%20viewBox%3D%270%200%202000%201500%27%3E%3Crect%20width%3D%272000%27%20height%3D%271500%27%20fill-opacity%3D%220%22%2F%3E%3C%2Fsvg%3E\" data-orig-src=\"https:\/\/clinicadentalsitges.com\/wp-content\/uploads\/2026\/02\/clinica-dental-sitges-dentista-ortodoncia-3-320x202.webp\" data-srcset=\"https:\/\/clinicadentalsitges.com\/wp-content\/uploads\/2026\/02\/clinica-dental-sitges-dentista-ortodoncia-3-320x202.webp 320w, https:\/\/clinicadentalsitges.com\/wp-content\/uploads\/2026\/02\/clinica-dental-sitges-dentista-ortodoncia-3-700x441.webp 700w\" data-sizes=\"auto\" title=\"\" data-orig-><div class=\"fusion-rollover\">\n\t<div class=\"fusion-rollover-content\">\n\n\t\t\t\t\n\t\t\n\t\t\t\t\t\t\t\t\t\t\t\t<h4 class=\"fusion-rollover-title\">\n\t\t\t\t\t<a class=\"fusion-rollover-title-link\" href=\"https:\/\/clinicadentalsitges.com\/es\/blog\/ortodoncia-manresa\/\">\n\t\t\t\t\t\tOrtodoncia Manresa: una sonrisa saludable a cualquier edad\t\t\t\t\t<\/a>\n\t\t\t\t<\/h4>\n\t\t\t\n\t\t\t\t\t\t\t\t\t\t<div class=\"fusion-rollover-categories\"><a href=\"https:\/\/clinicadentalsitges.com\/es\/category\/blog\/\" rel=\"tag\">Blog<\/a><\/div>\t\t\t\t\t\n\t\t\n\t\t\t\t\t\t<a class=\"fusion-link-wrapper\" href=\"https:\/\/clinicadentalsitges.com\/es\/blog\/ortodoncia-manresa\/\" aria-label=\"Ortodoncia Manresa: una sonrisa saludable a cualquier edad\"><\/a>\n\t<\/div>\n<\/div>\n<\/div>\n<\/li>\n\t\t\t\n\t\t\t\n\t\t\t\t\t\t\t\t\t\t\t\t\t\t\t\t\t\t\t\t\t\t\t\t\t\t\t\t\t\t\t\t\t\t\t\t\t\t\t\t\t\t\t\t\t\t\t\t\t\t\t\t\t\t\t\t\t\t\t\t\t\t\t\t\t\t\t\t<\/ul>\n\t<\/div>\n\t<div class=\"fusion-post-content post-content\"><h2 class=\"blog-shortcode-post-title entry-title\"><a href=\"https:\/\/clinicadentalsitges.com\/es\/blog\/ortodoncia-manresa\/\">Ortodoncia Manresa: una sonrisa saludable a cualquier edad<\/a><\/h2><div class=\"fusion-post-content-container\"><p> En nuestra cl\u00ednica encontrar\u00e1 los tratamientos de ortodoncia que su boca necesita  Elegir un tratamiento de ortodoncia adecuado es una decisi\u00f3n importante para cuidar su salud bucodental. En nuestra cl\u00ednica dental, somos especialistas en ortodoncia Manresa, ofreciendo soluciones personalizadas que se adaptan a [...]<\/p><\/div><\/div><div class=\"fusion-clearfix\"><\/div><\/article>\n<article id=\"blog-1-post-796\" class=\"fusion-post-medium-alternate post-796 post type-post status-publish format-standard has-post-thumbnail hentry category-blog\">\n<div class=\"fusion-date-and-formats\"><div class=\"fusion-date-box updated\"><span class=\"fusion-date\">29<\/span><span class=\"fusion-month-year\">01, 2026<\/span><\/div><div class=\"fusion-format-box\"><i class=\"awb-icon-pen\" aria-hidden=\"true\"><\/i><\/div><\/div>\t<style type=\"text\/css\">\n\t\t\n\t\t\n\t\t\n\t\t\n\t\t\t<\/style>\n\n\n\t\t\t<div class=\"fusion-flexslider flexslider fusion-flexslider-loading fusion-post-slideshow\" style=\"\">\n\t\t<ul class=\"slides\">\n\t\t\t\n\t\t\t\t\t\t\t\t\t\t\t\t\t\t<li><div  class=\"fusion-image-wrapper fusion-image-size-fixed\" aria-haspopup=\"true\">\n\t\t\t\t<img decoding=\"async\" width=\"320\" height=\"202\" src=\"https:\/\/clinicadentalsitges.com\/wp-content\/uploads\/2026\/02\/clinica-dental-sitges-dentista-confianza-0-320x202.webp\" class=\"attachment-blog-medium size-blog-medium lazyload wp-post-image\" alt=\"Clinica Dental Sitges Dentista Confianza 0\" srcset=\"data:image\/svg+xml,%3Csvg%20xmlns%3D%27http%3A%2F%2Fwww.w3.org%2F2000%2Fsvg%27%20width%3D%272000%27%20height%3D%271500%27%20viewBox%3D%270%200%202000%201500%27%3E%3Crect%20width%3D%272000%27%20height%3D%271500%27%20fill-opacity%3D%220%22%2F%3E%3C%2Fsvg%3E\" data-orig-src=\"https:\/\/clinicadentalsitges.com\/wp-content\/uploads\/2026\/02\/clinica-dental-sitges-dentista-confianza-0-320x202.webp\" data-srcset=\"https:\/\/clinicadentalsitges.com\/wp-content\/uploads\/2026\/02\/clinica-dental-sitges-dentista-confianza-0-320x202.webp 320w, https:\/\/clinicadentalsitges.com\/wp-content\/uploads\/2026\/02\/clinica-dental-sitges-dentista-confianza-0-700x441.webp 700w\" data-sizes=\"auto\" title=\"\" data-orig-><div class=\"fusion-rollover\">\n\t<div class=\"fusion-rollover-content\">\n\n\t\t\t\t\n\t\t\n\t\t\t\t\t\t\t\t\t\t\t\t<h4 class=\"fusion-rollover-title\">\n\t\t\t\t\t<a class=\"fusion-rollover-title-link\" href=\"https:\/\/clinicadentalsitges.com\/es\/blog\/clinica-dental-manresa\/\">\n\t\t\t\t\t\tSomos el dentista de confianza para toda la familia que est\u00e1 buscando\t\t\t\t\t<\/a>\n\t\t\t\t<\/h4>\n\t\t\t\n\t\t\t\t\t\t\t\t\t\t<div class=\"fusion-rollover-categories\"><a href=\"https:\/\/clinicadentalsitges.com\/es\/category\/blog\/\" rel=\"tag\">Blog<\/a><\/div>\t\t\t\t\t\n\t\t\n\t\t\t\t\t\t<a class=\"fusion-link-wrapper\" href=\"https:\/\/clinicadentalsitges.com\/es\/blog\/clinica-dental-manresa\/\" aria-label=\"Somos el dentista de confianza para toda la familia que est\u00e1 buscando\"><\/a>\n\t<\/div>\n<\/div>\n<\/div>\n<\/li>\n\t\t\t\n\t\t\t\n\t\t\t\t\t\t\t\t\t\t\t\t\t\t\t\t\t\t\t\t\t\t\t\t\t\t\t\t\t\t\t\t\t\t\t\t\t\t\t\t\t\t\t\t\t\t\t\t\t\t\t\t\t\t\t\t\t\t\t\t\t\t\t\t\t\t\t\t<\/ul>\n\t<\/div>\n\t<div class=\"fusion-post-content post-content\"><h2 class=\"blog-shortcode-post-title entry-title\"><a href=\"https:\/\/clinicadentalsitges.com\/es\/blog\/clinica-dental-manresa\/\">Somos el dentista de confianza para toda la familia que est\u00e1 buscando<\/a><\/h2><div class=\"fusion-post-content-container\"><p> Cl\u00ednica dental Manresa para los m\u00e1s peque\u00f1os y los m\u00e1s mayores de casa  Elegir una buena cl\u00ednica dental Manresa es una decisi\u00f3n importante para cuidar la salud bucodental a lo largo de toda la vida. No se trata solo de resolver un problema [...]<\/p><\/div><\/div><div class=\"fusion-clearfix\"><\/div><\/article>\n<\/div><div class=\"fusion-infinite-scroll-trigger\"><\/div><div class=\"pagination infinite-scroll clearfix\" style=\"display:none;\"><span class=\"current\">1<\/span><a href=\"https:\/\/clinicadentalsitges.com\/es\/wp-json\/wp\/v2\/pages\/543\/page\/2\/\" class=\"inactive\">2<\/a><a class=\"pagination-next\" rel=\"next\" href=\"https:\/\/clinicadentalsitges.com\/es\/wp-json\/wp\/v2\/pages\/543\/page\/2\/\"><span class=\"page-text\">Siguiente<\/span><span class=\"page-next\"><\/span><\/a><\/div><div class=\"fusion-clearfix\"><\/div><\/div><\/div><\/div><\/div><\/div>\n","protected":false},"excerpt":{"rendered":"","protected":false},"author":1,"featured_media":0,"parent":0,"menu_order":0,"comment_status":"closed","ping_status":"closed","template":"100-width.php","meta":{"footnotes":""},"class_list":["post-543","page","type-page","status-publish","hentry"],"_links":{"self":[{"href":"https:\/\/clinicadentalsitges.com\/es\/wp-json\/wp\/v2\/pages\/543","targetHints":{"allow":["GET"]}}],"collection":[{"href":"https:\/\/clinicadentalsitges.com\/es\/wp-json\/wp\/v2\/pages"}],"about":[{"href":"https:\/\/clinicadentalsitges.com\/es\/wp-json\/wp\/v2\/types\/page"}],"author":[{"embeddable":true,"href":"https:\/\/clinicadentalsitges.com\/es\/wp-json\/wp\/v2\/users\/1"}],"replies":[{"embeddable":true,"href":"https:\/\/clinicadentalsitges.com\/es\/wp-json\/wp\/v2\/comments?post=543"}],"version-history":[{"count":1,"href":"https:\/\/clinicadentalsitges.com\/es\/wp-json\/wp\/v2\/pages\/543\/revisions"}],"predecessor-version":[{"id":544,"href":"https:\/\/clinicadentalsitges.com\/es\/wp-json\/wp\/v2\/pages\/543\/revisions\/544"}],"wp:attachment":[{"href":"https:\/\/clinicadentalsitges.com\/es\/wp-json\/wp\/v2\/media?parent=543"}],"curies":[{"name":"wp","href":"https:\/\/api.w.org\/{rel}","templated":true}]}}