{"id":568,"date":"2026-01-20T11:52:39","date_gmt":"2026-01-20T09:52:39","guid":{"rendered":"https:\/\/beta.whatmkt.com\/clinica\/especialitats\/bruxisme-i-atm\/"},"modified":"2026-02-25T18:30:54","modified_gmt":"2026-02-25T16:30:54","slug":"bruxismo-y-atm","status":"publish","type":"page","link":"https:\/\/clinicadentalsitges.com\/es\/especialidades\/bruxismo-y-atm\/","title":{"rendered":"Bruxismo y ATM"},"content":{"rendered":"<p><div class=\"fusion-fullwidth fullwidth-box fusion-builder-row-1 fusion-flex-container has-pattern-background has-mask-background hundred-percent-fullwidth non-hundred-percent-height-scrolling\" style=\"--awb-border-radius-top-left:0px;--awb-border-radius-top-right:0px;--awb-border-radius-bottom-right:0px;--awb-border-radius-bottom-left:0px;--awb-padding-top:3%;--awb-padding-bottom:3%;--awb-flex-wrap:wrap;\" ><div class=\"fusion-builder-row fusion-row fusion-flex-align-items-stretch fusion-flex-content-wrap\" style=\"width:104% !important;max-width:104% !important;margin-left: calc(-4% \/ 2 );margin-right: calc(-4% \/ 2 );\"><div class=\"fusion-layout-column fusion_builder_column fusion-builder-column-0 fusion_builder_column_1_2 1_2 fusion-flex-column\" style=\"--awb-bg-position:center center;--awb-bg-size:cover;--awb-width-large:50%;--awb-margin-top-large:0px;--awb-spacing-right-large:3.84%;--awb-margin-bottom-large:20px;--awb-spacing-left-large:3.84%;--awb-width-medium:50%;--awb-order-medium:0;--awb-spacing-right-medium:3.84%;--awb-spacing-left-medium:3.84%;--awb-width-small:100%;--awb-order-small:0;--awb-spacing-right-small:1.92%;--awb-spacing-left-small:1.92%;\"><div class=\"fusion-column-wrapper lazyload fusion-column-has-shadow fusion-flex-justify-content-flex-start fusion-content-layout-column fusion-empty-column-bg-image fusion-column-has-bg-image\" data-bg-url=\"https:\/\/clinicadentalsitges.com\/wp-content\/uploads\/2026\/02\/SHOOTING_SITGES_60-scaled.jpg\" data-bg=\"https:\/\/clinicadentalsitges.com\/wp-content\/uploads\/2026\/02\/SHOOTING_SITGES_60-scaled.jpg\"><img decoding=\"async\" class=\"fusion-empty-dims-img-placeholder fusion-no-large-visibility fusion-no-medium-visibility\" alt=\"Shooting Sitges 60\" aria-label=\"SONY DSC\" src=\"data:image\/svg+xml,%3Csvg%20xmlns%3D%27http%3A%2F%2Fwww.w3.org%2F2000%2Fsvg%27%20width%3D%271714%27%20height%3D%272560%27%20viewBox%3D%270%200%201714%202560%27%3E%3Crect%20width%3D%271714%27%20height%3D%272560%27%20fill-opacity%3D%220%22%2F%3E%3C%2Fsvg%3E\" title=\"\"><\/div><\/div><div class=\"fusion-layout-column fusion_builder_column fusion-builder-column-1 fusion_builder_column_1_2 1_2 fusion-flex-column\" style=\"--awb-bg-size:cover;--awb-width-large:50%;--awb-margin-top-large:0px;--awb-spacing-right-large:3.84%;--awb-margin-bottom-large:20px;--awb-spacing-left-large:3.84%;--awb-width-medium:50%;--awb-order-medium:0;--awb-spacing-right-medium:3.84%;--awb-spacing-left-medium:3.84%;--awb-width-small:100%;--awb-order-small:0;--awb-spacing-right-small:1.92%;--awb-spacing-left-small:1.92%;\"><div class=\"fusion-column-wrapper fusion-column-has-shadow fusion-flex-justify-content-flex-start fusion-content-layout-column\"><div class=\"fusion-title title fusion-title-1 fusion-sep-none fusion-title-text fusion-title-size-one\" style=\"--awb-margin-top-small:10px;--awb-margin-right-small:0px;--awb-margin-bottom-small:10px;--awb-margin-left-small:0px;\"><h1 class=\"fusion-title-heading title-heading-left\" style=\"margin:0;\">Bruxismo y trastornos de la ATM<\/h1><\/div><div class=\"fusion-text fusion-text-1\"><p>En <strong>Cl\u00ednica Dental Drs. Sitges<\/strong> ofrecemos un servicio especializado en el diagn\u00f3stico y tratamiento del bruxismo y de los trastornos de la articulaci\u00f3n temporomandibular (ATM) en el Bages.<\/p>\n<p>El bruxismo es un h\u00e1bito involuntario de apretar o rechinar los dientes que puede producirse tanto durante el d\u00eda como durante la noche. Suele estar relacionado con factores como el estr\u00e9s, la tensi\u00f3n muscular o una mala oclusi\u00f3n dental.<\/p>\n<p>La <strong>articulaci\u00f3n temporomandibular (ATM)<\/strong> es la encargada de conectar la mand\u00edbula con el cr\u00e1neo. Cuando no funciona correctamente, puede provocar dolor mandibular, chasquidos articulares, dificultad para abrir la boca y otros s\u00edntomas musculares o articulares.<\/p>\n<p>En <strong>Cl\u00ednica Dental Drs. Sitges<\/strong>, nuestros especialistas eval\u00faan cada caso de forma individual para identificar el origen y los s\u00edntomas del bruxismo y\/o de los trastornos de la ATM, y proponer el tratamiento m\u00e1s adecuado. Utilizamos f\u00e9rulas personalizadas y tratamientos integrales que ayudan a aliviar el dolor, mejorar la funci\u00f3n mandibular y proteger los dientes frente al desgaste.<\/p>\n<\/div><div ><a class=\"fusion-button button-flat fusion-button-default-size button-default fusion-button-default button-1 fusion-button-default-span fusion-button-default-type\" target=\"_self\" href=\"https:\/\/clinicadentalsitges.com\/es\/pedir-cita\/\"><span class=\"fusion-button-text awb-button__text awb-button__text--default\">Pida cita<\/span><\/a><\/div><\/div><\/div><\/div><\/div><div class=\"fusion-fullwidth fullwidth-box fusion-builder-row-2 fusion-flex-container has-pattern-background has-mask-background hundred-percent-fullwidth non-hundred-percent-height-scrolling\" style=\"--awb-border-radius-top-left:0px;--awb-border-radius-top-right:0px;--awb-border-radius-bottom-right:0px;--awb-border-radius-bottom-left:0px;--awb-padding-top:3%;--awb-padding-bottom:3%;--awb-flex-wrap:wrap;\" ><div class=\"fusion-builder-row fusion-row fusion-flex-align-items-stretch fusion-flex-content-wrap\" style=\"width:104% !important;max-width:104% !important;margin-left: calc(-4% \/ 2 );margin-right: calc(-4% \/ 2 );\"><div class=\"fusion-layout-column fusion_builder_column fusion-builder-column-2 fusion_builder_column_1_2 1_2 fusion-flex-column\" style=\"--awb-bg-size:cover;--awb-width-large:50%;--awb-margin-top-large:0px;--awb-spacing-right-large:3.84%;--awb-margin-bottom-large:20px;--awb-spacing-left-large:3.84%;--awb-width-medium:50%;--awb-order-medium:0;--awb-spacing-right-medium:3.84%;--awb-spacing-left-medium:3.84%;--awb-width-small:100%;--awb-order-small:0;--awb-spacing-right-small:1.92%;--awb-spacing-left-small:1.92%;\"><div class=\"fusion-column-wrapper fusion-column-has-shadow fusion-flex-justify-content-flex-start fusion-content-layout-column\"><div class=\"fusion-title title fusion-title-2 fusion-sep-none fusion-title-text fusion-title-size-two\" style=\"--awb-margin-top-small:10px;--awb-margin-right-small:0px;--awb-margin-bottom-small:10px;--awb-margin-left-small:0px;\"><h2 class=\"fusion-title-heading title-heading-left\" style=\"margin:0;\">Referentes en bruxismo y ATM en el Bages: todo lo que debes saber<\/h2><\/div><div class=\"fusion-title title fusion-title-3 fusion-sep-none fusion-title-text fusion-title-size-three\" style=\"--awb-margin-top-small:10px;--awb-margin-right-small:0px;--awb-margin-bottom-small:10px;--awb-margin-left-small:0px;\"><h3 class=\"fusion-title-heading title-heading-left\" style=\"margin:0;\">\u00bfQu\u00e9 son el bruxismo y los problemas de la ATM?<\/h3><\/div><div class=\"fusion-text fusion-text-2\"><p>El bruxismo es una parafunci\u00f3n mandibular que consiste en apretar o rechinar los dientes de forma inconsciente, habitualmente durante el sue\u00f1o, aunque tambi\u00e9n puede aparecer en estado de vigilia. Este h\u00e1bito puede provocar desgaste dental, dolor mandibular, cefaleas y contracturas musculares.<\/p>\n<p><b>La articulaci\u00f3n temporomandibular (ATM)<\/b> permite los movimientos de la mand\u00edbula al abrir, cerrar y desplazar lateralmente la boca. Cuando esta articulaci\u00f3n no funciona de forma arm\u00f3nica, puede dar lugar a dolor facial, chasquidos articulares, limitaci\u00f3n de la apertura bucal y molestias al masticar.<\/p>\n<\/div><div class=\"fusion-title title fusion-title-4 fusion-sep-none fusion-title-text fusion-title-size-three\" style=\"--awb-margin-top-small:10px;--awb-margin-right-small:0px;--awb-margin-bottom-small:10px;--awb-margin-left-small:0px;\"><h3 class=\"fusion-title-heading title-heading-left\" style=\"margin:0;\">\u00bfEn qu\u00e9 casos se recomiendan los tratamientos para bruxismo y ATM?<\/h3><\/div><div class=\"fusion-text fusion-text-3\"><p>Los tratamientos est\u00e1n indicados cuando:<\/p>\n<ul>\n<li>Existen signos de desgaste dental, dolor mandibular o cefaleas frecuentes.<\/li>\n<li>Aparecen ruidos o chasquidos al abrir o cerrar la boca, acompa\u00f1ados de molestias articulares.<\/li>\n<li>Se detecta tensi\u00f3n o sobrecarga muscular en la mand\u00edbula y los m\u00fasculos masticatorios.<\/li>\n<\/ul>\n<p>Una intervenci\u00f3n temprana ayuda a evitar que estos problemas se agraven con el tiempo, reduciendo el riesgo de desgaste dental severo y de molestias cr\u00f3nicas.<\/p>\n<\/div><\/div><\/div><div class=\"fusion-layout-column fusion_builder_column fusion-builder-column-3 fusion_builder_column_1_2 1_2 fusion-flex-column\" style=\"--awb-bg-position:center center;--awb-bg-size:cover;--awb-width-large:50%;--awb-margin-top-large:0px;--awb-spacing-right-large:3.84%;--awb-margin-bottom-large:20px;--awb-spacing-left-large:3.84%;--awb-width-medium:50%;--awb-order-medium:0;--awb-spacing-right-medium:3.84%;--awb-spacing-left-medium:3.84%;--awb-width-small:100%;--awb-order-small:0;--awb-spacing-right-small:1.92%;--awb-spacing-left-small:1.92%;\"><div class=\"fusion-column-wrapper lazyload fusion-column-has-shadow fusion-flex-justify-content-flex-start fusion-content-layout-column fusion-empty-column-bg-image fusion-column-has-bg-image\" data-bg-url=\"https:\/\/clinicadentalsitges.com\/wp-content\/uploads\/2026\/02\/SHOOTING_SITGES_41-scaled.jpg\" data-bg=\"https:\/\/clinicadentalsitges.com\/wp-content\/uploads\/2026\/02\/SHOOTING_SITGES_41-scaled.jpg\"><img decoding=\"async\" class=\"fusion-empty-dims-img-placeholder fusion-no-large-visibility fusion-no-medium-visibility\" alt=\"Shooting Sitges 41\" aria-label=\"SONY DSC\" src=\"data:image\/svg+xml,%3Csvg%20xmlns%3D%27http%3A%2F%2Fwww.w3.org%2F2000%2Fsvg%27%20width%3D%272560%27%20height%3D%271714%27%20viewBox%3D%270%200%202560%201714%27%3E%3Crect%20width%3D%272560%27%20height%3D%271714%27%20fill-opacity%3D%220%22%2F%3E%3C%2Fsvg%3E\" title=\"\"><\/div><\/div><\/div><\/div><div class=\"fusion-fullwidth fullwidth-box fusion-builder-row-3 fusion-flex-container has-pattern-background has-mask-background hundred-percent-fullwidth non-hundred-percent-height-scrolling\" style=\"--awb-border-radius-top-left:0px;--awb-border-radius-top-right:0px;--awb-border-radius-bottom-right:0px;--awb-border-radius-bottom-left:0px;--awb-padding-top:3%;--awb-padding-bottom:3%;--awb-flex-wrap:wrap;\" ><div class=\"fusion-builder-row fusion-row fusion-flex-align-items-stretch fusion-flex-content-wrap\" style=\"width:104% !important;max-width:104% !important;margin-left: calc(-4% \/ 2 );margin-right: calc(-4% \/ 2 );\"><div class=\"fusion-layout-column fusion_builder_column fusion-builder-column-4 fusion_builder_column_1_2 1_2 fusion-flex-column\" style=\"--awb-bg-size:cover;--awb-width-large:50%;--awb-margin-top-large:0px;--awb-spacing-right-large:3.84%;--awb-margin-bottom-large:20px;--awb-spacing-left-large:3.84%;--awb-width-medium:50%;--awb-order-medium:0;--awb-spacing-right-medium:3.84%;--awb-spacing-left-medium:3.84%;--awb-width-small:100%;--awb-order-small:1;--awb-spacing-right-small:1.92%;--awb-spacing-left-small:1.92%;\"><div class=\"fusion-column-wrapper lazyload fusion-column-has-shadow fusion-flex-justify-content-flex-start fusion-content-layout-column fusion-empty-column-bg-image fusion-column-has-bg-image\" data-bg-url=\"https:\/\/clinicadentalsitges.com\/wp-content\/uploads\/2026\/01\/clinica-dental-sitges-bruxismo-2.jpg\" data-bg=\"https:\/\/clinicadentalsitges.com\/wp-content\/uploads\/2026\/01\/clinica-dental-sitges-bruxismo-2.jpg\"><img decoding=\"async\" class=\"fusion-empty-dims-img-placeholder fusion-no-large-visibility fusion-no-medium-visibility\" alt=\"Clinica Dental Sitges Bruxismo 2\" aria-label=\"Clinica Dental Sitges Bruxismo 2\" src=\"data:image\/svg+xml,%3Csvg%20xmlns%3D%27http%3A%2F%2Fwww.w3.org%2F2000%2Fsvg%27%20width%3D%271200%27%20height%3D%271000%27%20viewBox%3D%270%200%201200%201000%27%3E%3Crect%20width%3D%271200%27%20height%3D%271000%27%20fill-opacity%3D%220%22%2F%3E%3C%2Fsvg%3E\" title=\"\"><\/div><\/div><div class=\"fusion-layout-column fusion_builder_column fusion-builder-column-5 fusion_builder_column_1_2 1_2 fusion-flex-column\" style=\"--awb-bg-size:cover;--awb-width-large:50%;--awb-margin-top-large:0px;--awb-spacing-right-large:3.84%;--awb-margin-bottom-large:20px;--awb-spacing-left-large:3.84%;--awb-width-medium:50%;--awb-order-medium:0;--awb-spacing-right-medium:3.84%;--awb-spacing-left-medium:3.84%;--awb-width-small:100%;--awb-order-small:0;--awb-spacing-right-small:1.92%;--awb-spacing-left-small:1.92%;\"><div class=\"fusion-column-wrapper fusion-column-has-shadow fusion-flex-justify-content-flex-start fusion-content-layout-column\"><div class=\"fusion-title title fusion-title-5 fusion-sep-none fusion-title-text fusion-title-size-three\" style=\"--awb-margin-top-small:10px;--awb-margin-right-small:0px;--awb-margin-bottom-small:10px;--awb-margin-left-small:0px;\"><h3 class=\"fusion-title-heading title-heading-left\" style=\"margin:0;\">\u00bfCu\u00e1les son los principales beneficios de tratar el bruxismo y la ATM?<\/h3><\/div><div class=\"fusion-text fusion-text-4\"><ul>\n<li><strong>Protecci\u00f3n dental personalizada:<\/strong> las f\u00e9rulas de descarga protegen los dientes del desgaste excesivo y reducen la presi\u00f3n sobre la mand\u00edbula.<\/li>\n<li><strong>Alivio del dolor mandibular y de las cefaleas:<\/strong> al disminuir la tensi\u00f3n muscular y equilibrar la funci\u00f3n mandibular.<\/li>\n<li><strong>Mejora de la funci\u00f3n mandibular:<\/strong> reducci\u00f3n de chasquidos articulares y de la limitaci\u00f3n de movimiento.<\/li>\n<li><strong>Mayor confort y bienestar:<\/strong> al aliviar las molestias derivadas de la sobrecarga muscular continuada.<\/li>\n<\/ul>\n<\/div><div class=\"fusion-title title fusion-title-6 fusion-sep-none fusion-title-text fusion-title-size-three\" style=\"--awb-margin-top-small:10px;--awb-margin-right-small:0px;--awb-margin-bottom-small:10px;--awb-margin-left-small:0px;\"><h3 class=\"fusion-title-heading title-heading-left\" style=\"margin:0;\">\u00bfQu\u00e9 tratamientos incluye este servicio?<\/h3><\/div><div class=\"fusion-text fusion-text-5\"><p>En <strong>Cl\u00ednica Dental Drs. Sitges<\/strong> abordamos el bruxismo y los trastornos de la ATM mediante:<\/p>\n<ul>\n<li>F\u00e9rulas de descarga personalizadas para relajar la musculatura y proteger los dientes.<\/li>\n<li>Ajustes oclusales para equilibrar la mordida y reducir contactos prematuros.<\/li>\n<li>Enfoques multidisciplinares cuando el caso cl\u00ednico lo requiere.<\/li>\n<\/ul>\n<p>Todos los tratamientos se personalizan seg\u00fan las necesidades de cada paciente, tras un diagn\u00f3stico exhaustivo.<\/p>\n<\/div><\/div><\/div><\/div><\/div><div class=\"fusion-fullwidth fullwidth-box fusion-builder-row-4 fusion-flex-container has-pattern-background has-mask-background hundred-percent-fullwidth non-hundred-percent-height-scrolling\" style=\"--awb-border-radius-top-left:0px;--awb-border-radius-top-right:0px;--awb-border-radius-bottom-right:0px;--awb-border-radius-bottom-left:0px;--awb-padding-top:3%;--awb-padding-bottom:3%;--awb-background-color:#f4f4f4;--awb-flex-wrap:wrap;\" ><div class=\"fusion-builder-row fusion-row fusion-flex-align-items-center fusion-flex-align-content-space-between fusion-flex-content-wrap\" style=\"width:104% !important;max-width:104% !important;margin-left: calc(-4% \/ 2 );margin-right: calc(-4% \/ 2 );\"><div class=\"fusion-layout-column fusion_builder_column fusion-builder-column-6 fusion_builder_column_1_1 1_1 fusion-flex-column fusion-flex-align-self-stretch\" style=\"--awb-bg-size:cover;--awb-width-large:100%;--awb-margin-top-large:0px;--awb-spacing-right-large:1.92%;--awb-margin-bottom-large:20px;--awb-spacing-left-large:1.92%;--awb-width-medium:100%;--awb-order-medium:0;--awb-spacing-right-medium:1.92%;--awb-spacing-left-medium:1.92%;--awb-width-small:100%;--awb-order-small:0;--awb-spacing-right-small:1.92%;--awb-spacing-left-small:1.92%;\"><div class=\"fusion-column-wrapper fusion-column-has-shadow fusion-flex-justify-content-space-between fusion-content-layout-column\"><div class=\"fusion-title title fusion-title-7 fusion-sep-none fusion-title-center fusion-title-text fusion-title-size-three\" style=\"--awb-text-color:#000000;--awb-margin-top-small:10px;--awb-margin-right-small:0px;--awb-margin-bottom-small:10px;--awb-margin-left-small:0px;\"><h3 class=\"fusion-title-heading title-heading-center\" style=\"margin:0;\">FAQs sobre nuestro servicio de bruxismo y ATM en el Bages<\/h3><\/div><style type=\"text\/css\">#accordian-1 .fusion-panel:hover,#accordian-1 .fusion-panel.hover{ background-color: var(--awb-color2) } #accordian-1 .fusion-panel { border-color:var(--awb-color3); border-width:1px; background-color:var(--awb-color1); }.fusion-accordian #accordian-1 .panel-title a .fa-fusion-box:before{ font-size: 16px;width: 16px;}.fusion-accordian #accordian-1 .panel-title a .fa-fusion-box{ color: var(--awb-color1);}.fusion-accordian  #accordian-1 .panel-title a{font-family:var(--awb-typography1-font-family);font-weight:var(--awb-typography1-font-weight);font-style:var(--awb-typography1-font-style);}.fusion-accordian  #accordian-1 .panel-title a:not(:hover){}.fusion-accordian  #accordian-1 .toggle-content{font-family:var(--awb-typography4-font-family);font-weight:var(--awb-typography4-font-weight);font-style:var(--awb-typography4-font-style);}.fusion-accordian #accordian-1 .fa-fusion-box { background-color: var(--awb-color7) !important;border-color: var(--awb-color7) !important;}.fusion-accordian #accordian-1 .panel-title a:hover,.fusion-accordian #accordian-1 .panel-title a.hover { color: var(--awb-color5);}.fusion-faq-shortcode .fusion-accordian #accordian-1 .fusion-toggle-boxed-mode:hover .panel-title a { color: var(--awb-color5);}.fusion-accordian #accordian-1 .panel-title .active .fa-fusion-box,.fusion-accordian #accordian-1 .panel-title a:hover .fa-fusion-box,.fusion-accordian #accordian-1 .panel-title a.hover .fa-fusion-box { background-color: var(--awb-color5)!important;border-color: var(--awb-color5)!important;}<\/style><div class=\"fusion-faq-shortcode\" style=\"margin-top:3%;\"><div class=\"fusion-faqs-wrapper\"><div class=\"accordian fusion-accordian\"><div class=\"panel-group \" id=\"accordian-1\"><div class=\"fusion-panel fusion-toggle-no-divider fusion-toggle-boxed-mode panel-default fusion-faq-post fusion-faq-post-886 bruxismo-i-atm \"><span class=\"entry-title rich-snippet-hidden\">\u00bfSe puede prevenir el bruxismo?<\/span><span class=\"vcard rich-snippet-hidden\"><span class=\"fn\"><a href=\"https:\/\/clinicadentalsitges.com\/es\/author\/admin\/\" title=\"Entradas de admin\" rel=\"author\">admin<\/a><\/span><\/span><span class=\"updated rich-snippet-hidden\">2026-03-30T16:08:14+02:00<\/span><div class=\"panel-heading\"><h4 id=\"faq_1-886\" class=\"panel-title toggle\"><a data-toggle=\"collapse\" class=\"collapsed\" data-parent=\"#accordian-1\" data-target=\"#collapse-1-886\" href=\"#collapse-1-886\" aria-expanded=\"false\"><div class=\"fusion-toggle-icon-wrapper\"><div class=\"fusion-toggle-icon-wrapper-main\"><div class=\"fusion-toggle-icon-wrapper-sub\"><i class=\"fa-fusion-box active-icon awb-icon-minus\" aria-hidden=\"true\"><\/i><i class=\"fa-fusion-box inactive-icon awb-icon-plus\" aria-hidden=\"true\"><\/i><\/div><\/div><\/div><div class=\"fusion-toggle-heading\">\u00bfSe puede prevenir el bruxismo?<\/div><\/a><\/h4><\/div><div id=\"collapse-1-886\" aria-labelledby=\"faq_1-886\" class=\"panel-collapse collapse\"><div class=\"panel-body toggle-content post-content\"><p>Aunque no siempre es posible eliminarlo por completo \u2014sobre todo cuando est\u00e1 asociado al estr\u00e9s\u2014, las f\u00e9rulas y las t\u00e9cnicas de relajaci\u00f3n muscular ayudan a minimizar sus efectos ya proteger la salud dental.<br \/>\nSi tiene m\u00e1s dudas sobre el bruxismo o los trastornos de la ATM, nuestro equipo de especialistas estar\u00e1 encantado de asesorarle sin compromiso.<\/p>\n<\/div><\/div><\/div><div class=\"fusion-panel fusion-toggle-no-divider fusion-toggle-boxed-mode panel-default fusion-faq-post fusion-faq-post-887 bruxismo-i-atm \"><span class=\"entry-title rich-snippet-hidden\">\u00bfCu\u00e1nto tiempo se tarda en notar mejor\u00eda?<\/span><span class=\"vcard rich-snippet-hidden\"><span class=\"fn\"><a href=\"https:\/\/clinicadentalsitges.com\/es\/author\/admin\/\" title=\"Entradas de admin\" rel=\"author\">admin<\/a><\/span><\/span><span class=\"updated rich-snippet-hidden\">2026-03-30T16:07:58+02:00<\/span><div class=\"panel-heading\"><h4 id=\"faq_1-887\" class=\"panel-title toggle\"><a data-toggle=\"collapse\" class=\"collapsed\" data-parent=\"#accordian-1\" data-target=\"#collapse-1-887\" href=\"#collapse-1-887\" aria-expanded=\"false\"><div class=\"fusion-toggle-icon-wrapper\"><div class=\"fusion-toggle-icon-wrapper-main\"><div class=\"fusion-toggle-icon-wrapper-sub\"><i class=\"fa-fusion-box active-icon awb-icon-minus\" aria-hidden=\"true\"><\/i><i class=\"fa-fusion-box inactive-icon awb-icon-plus\" aria-hidden=\"true\"><\/i><\/div><\/div><\/div><div class=\"fusion-toggle-heading\">\u00bfCu\u00e1nto tiempo se tarda en notar mejor\u00eda?<\/div><\/a><\/h4><\/div><div id=\"collapse-1-887\" aria-labelledby=\"faq_1-887\" class=\"panel-collapse collapse\"><div class=\"panel-body toggle-content post-content\"><p>La mejor\u00eda suele apreciarse en pocas semanas, especialmente con el uso regular de la f\u00e9rula de descarga y un adecuado seguimiento cl\u00ednico.<\/p>\n<\/div><\/div><\/div><div class=\"fusion-panel fusion-toggle-no-divider fusion-toggle-boxed-mode panel-default fusion-faq-post fusion-faq-post-888 bruxismo-i-atm \"><span class=\"entry-title rich-snippet-hidden\">\u00bfEl tratamiento duele?<\/span><span class=\"vcard rich-snippet-hidden\"><span class=\"fn\"><a href=\"https:\/\/clinicadentalsitges.com\/es\/author\/admin\/\" title=\"Entradas de admin\" rel=\"author\">admin<\/a><\/span><\/span><span class=\"updated rich-snippet-hidden\">2026-03-30T16:07:54+02:00<\/span><div class=\"panel-heading\"><h4 id=\"faq_1-888\" class=\"panel-title toggle\"><a data-toggle=\"collapse\" class=\"collapsed\" data-parent=\"#accordian-1\" data-target=\"#collapse-1-888\" href=\"#collapse-1-888\" aria-expanded=\"false\"><div class=\"fusion-toggle-icon-wrapper\"><div class=\"fusion-toggle-icon-wrapper-main\"><div class=\"fusion-toggle-icon-wrapper-sub\"><i class=\"fa-fusion-box active-icon awb-icon-minus\" aria-hidden=\"true\"><\/i><i class=\"fa-fusion-box inactive-icon awb-icon-plus\" aria-hidden=\"true\"><\/i><\/div><\/div><\/div><div class=\"fusion-toggle-heading\">\u00bfEl tratamiento duele?<\/div><\/a><\/h4><\/div><div id=\"collapse-1-888\" aria-labelledby=\"faq_1-888\" class=\"panel-collapse collapse\"><div class=\"panel-body toggle-content post-content\"><p>No. Los tratamientos son generalmente no invasivos y se adaptan a la comodidad del paciente. El uso de f\u00e9rulas o los ajustes oclusales no provocan dolor; las sensaciones habituales est\u00e1n relacionadas con la progresiva relajaci\u00f3n de la musculatura.<\/p>\n<\/div><\/div><\/div><\/div><\/div><\/div><\/div><\/div><\/div><\/div><\/div><\/p>\n","protected":false},"excerpt":{"rendered":"","protected":false},"author":1,"featured_media":0,"parent":565,"menu_order":0,"comment_status":"closed","ping_status":"closed","template":"100-width.php","meta":{"footnotes":""},"class_list":["post-568","page","type-page","status-publish","hentry"],"_links":{"self":[{"href":"https:\/\/clinicadentalsitges.com\/es\/wp-json\/wp\/v2\/pages\/568","targetHints":{"allow":["GET"]}}],"collection":[{"href":"https:\/\/clinicadentalsitges.com\/es\/wp-json\/wp\/v2\/pages"}],"about":[{"href":"https:\/\/clinicadentalsitges.com\/es\/wp-json\/wp\/v2\/types\/page"}],"author":[{"embeddable":true,"href":"https:\/\/clinicadentalsitges.com\/es\/wp-json\/wp\/v2\/users\/1"}],"replies":[{"embeddable":true,"href":"https:\/\/clinicadentalsitges.com\/es\/wp-json\/wp\/v2\/comments?post=568"}],"version-history":[{"count":6,"href":"https:\/\/clinicadentalsitges.com\/es\/wp-json\/wp\/v2\/pages\/568\/revisions"}],"predecessor-version":[{"id":1083,"href":"https:\/\/clinicadentalsitges.com\/es\/wp-json\/wp\/v2\/pages\/568\/revisions\/1083"}],"up":[{"embeddable":true,"href":"https:\/\/clinicadentalsitges.com\/es\/wp-json\/wp\/v2\/pages\/565"}],"wp:attachment":[{"href":"https:\/\/clinicadentalsitges.com\/es\/wp-json\/wp\/v2\/media?parent=568"}],"curies":[{"name":"wp","href":"https:\/\/api.w.org\/{rel}","templated":true}]}}