{"id":574,"date":"2026-01-20T11:52:39","date_gmt":"2026-01-20T09:52:39","guid":{"rendered":"https:\/\/beta.whatmkt.com\/clinica\/especialitats\/odontologia-esportiva\/"},"modified":"2026-02-25T18:32:04","modified_gmt":"2026-02-25T16:32:04","slug":"odontologia-deportiva","status":"publish","type":"page","link":"https:\/\/clinicadentalsitges.com\/es\/especialidades\/odontologia-deportiva\/","title":{"rendered":"Odontolog\u00eda deportiva"},"content":{"rendered":"<p><div class=\"fusion-fullwidth fullwidth-box fusion-builder-row-1 fusion-flex-container has-pattern-background has-mask-background hundred-percent-fullwidth non-hundred-percent-height-scrolling\" style=\"--awb-border-radius-top-left:0px;--awb-border-radius-top-right:0px;--awb-border-radius-bottom-right:0px;--awb-border-radius-bottom-left:0px;--awb-padding-top:3%;--awb-padding-bottom:3%;--awb-flex-wrap:wrap;\" ><div class=\"fusion-builder-row fusion-row fusion-flex-align-items-stretch fusion-flex-content-wrap\" style=\"width:104% !important;max-width:104% !important;margin-left: calc(-4% \/ 2 );margin-right: calc(-4% \/ 2 );\"><div class=\"fusion-layout-column fusion_builder_column fusion-builder-column-0 fusion_builder_column_1_2 1_2 fusion-flex-column\" style=\"--awb-bg-position:center center;--awb-bg-size:cover;--awb-width-large:50%;--awb-margin-top-large:0px;--awb-spacing-right-large:3.84%;--awb-margin-bottom-large:20px;--awb-spacing-left-large:3.84%;--awb-width-medium:50%;--awb-order-medium:0;--awb-spacing-right-medium:3.84%;--awb-spacing-left-medium:3.84%;--awb-width-small:100%;--awb-order-small:0;--awb-spacing-right-small:1.92%;--awb-spacing-left-small:1.92%;\"><div class=\"fusion-column-wrapper lazyload fusion-column-has-shadow fusion-flex-justify-content-flex-start fusion-content-layout-column fusion-empty-column-bg-image fusion-column-has-bg-image\" data-bg-url=\"https:\/\/clinicadentalsitges.com\/wp-content\/uploads\/2026\/02\/front-view-lovely-smiling-woman-1.jpg\" data-bg=\"https:\/\/clinicadentalsitges.com\/wp-content\/uploads\/2026\/02\/front-view-lovely-smiling-woman-1.jpg\"><img decoding=\"async\" class=\"fusion-empty-dims-img-placeholder fusion-no-large-visibility fusion-no-medium-visibility\" alt=\"Front View Lovely Smiling Woman 1\" aria-label=\"Front View Lovely Smiling Woman 1\" src=\"data:image\/svg+xml,%3Csvg%20xmlns%3D%27http%3A%2F%2Fwww.w3.org%2F2000%2Fsvg%27%20width%3D%271000%27%20height%3D%271000%27%20viewBox%3D%270%200%201000%201000%27%3E%3Crect%20width%3D%271000%27%20height%3D%271000%27%20fill-opacity%3D%220%22%2F%3E%3C%2Fsvg%3E\" title=\"\"><\/div><\/div><div class=\"fusion-layout-column fusion_builder_column fusion-builder-column-1 fusion_builder_column_1_2 1_2 fusion-flex-column\" style=\"--awb-bg-size:cover;--awb-width-large:50%;--awb-margin-top-large:0px;--awb-spacing-right-large:3.84%;--awb-margin-bottom-large:20px;--awb-spacing-left-large:3.84%;--awb-width-medium:50%;--awb-order-medium:0;--awb-spacing-right-medium:3.84%;--awb-spacing-left-medium:3.84%;--awb-width-small:100%;--awb-order-small:0;--awb-spacing-right-small:1.92%;--awb-spacing-left-small:1.92%;\"><div class=\"fusion-column-wrapper fusion-column-has-shadow fusion-flex-justify-content-flex-start fusion-content-layout-column\"><div class=\"fusion-title title fusion-title-1 fusion-sep-none fusion-title-text fusion-title-size-one\" style=\"--awb-margin-top-small:10px;--awb-margin-right-small:0px;--awb-margin-bottom-small:10px;--awb-margin-left-small:0px;\"><h1 class=\"fusion-title-heading title-heading-left\" style=\"margin:0;\">Odontolog\u00eda deportiva<\/h1><\/div><div class=\"fusion-title title fusion-title-2 fusion-sep-none fusion-title-text fusion-title-size-two\" style=\"--awb-margin-top-small:10px;--awb-margin-right-small:0px;--awb-margin-bottom-small:10px;--awb-margin-left-small:0px;\"><h2 class=\"fusion-title-heading title-heading-left\" style=\"margin:0;\">En Cl\u00ednica Dental Drs. Sitges ofrecemos un servicio integral de odontolog\u00eda deportiva en el Bages para deportistas y personas activas<\/h2><\/div><div class=\"fusion-text fusion-text-1\"><p>En la <strong>Cl\u00ednica Dental Drs. Sitges<\/strong> ponemos a su disposici\u00f3n un servicio especializado de <strong>odontolog\u00eda deportiva en el Bages<\/strong>, dirigido tanto a deportistas profesionales como a personas activas que desean proteger su salud bucodental y optimizar su rendimiento f\u00edsico.<\/p>\n<p>La odontolog\u00eda deportiva es una rama de la odontolog\u00eda enfocada en la <strong>prevenci\u00f3n, diagn\u00f3stico y tratamiento de problemas bucodentales<\/strong> que pueden aparecer o influir directamente en la pr\u00e1ctica deportiva. Esta disciplina combina conocimientos de salud oral y medicina deportiva para proteger la boca del deportista y contribuir a su bienestar general.<\/p>\n<p>Nuestros especialistas en odontolog\u00eda deportiva analizan cada caso de manera individual, estudiando la relaci\u00f3n entre su <strong>salud bucodental<\/strong> y su actividad f\u00edsica. A trav\u00e9s de revisiones personalizadas y tratamientos espec\u00edficos, le ayudamos a <strong>reducir riesgos, mejorar la funcionalidad dental<\/strong> y favorecer un mejor desempe\u00f1o deportivo.<\/p>\n<\/div><div ><a class=\"fusion-button button-flat fusion-button-default-size button-default fusion-button-default button-1 fusion-button-default-span fusion-button-default-type\" target=\"_self\" href=\"https:\/\/clinicadentalsitges.com\/es\/pedir-cita\/\"><span class=\"fusion-button-text awb-button__text awb-button__text--default\">Pida cita<\/span><\/a><\/div><\/div><\/div><\/div><\/div><div class=\"fusion-fullwidth fullwidth-box fusion-builder-row-2 fusion-flex-container has-pattern-background has-mask-background hundred-percent-fullwidth non-hundred-percent-height-scrolling\" style=\"--awb-border-radius-top-left:0px;--awb-border-radius-top-right:0px;--awb-border-radius-bottom-right:0px;--awb-border-radius-bottom-left:0px;--awb-padding-top:3%;--awb-padding-bottom:3%;--awb-flex-wrap:wrap;\" ><div class=\"fusion-builder-row fusion-row fusion-flex-align-items-stretch fusion-flex-content-wrap\" style=\"width:104% !important;max-width:104% !important;margin-left: calc(-4% \/ 2 );margin-right: calc(-4% \/ 2 );\"><div class=\"fusion-layout-column fusion_builder_column fusion-builder-column-2 fusion_builder_column_1_2 1_2 fusion-flex-column\" style=\"--awb-bg-size:cover;--awb-width-large:50%;--awb-margin-top-large:0px;--awb-spacing-right-large:3.84%;--awb-margin-bottom-large:20px;--awb-spacing-left-large:3.84%;--awb-width-medium:50%;--awb-order-medium:0;--awb-spacing-right-medium:3.84%;--awb-spacing-left-medium:3.84%;--awb-width-small:100%;--awb-order-small:0;--awb-spacing-right-small:1.92%;--awb-spacing-left-small:1.92%;\"><div class=\"fusion-column-wrapper fusion-column-has-shadow fusion-flex-justify-content-flex-start fusion-content-layout-column\"><div class=\"fusion-title title fusion-title-3 fusion-sep-none fusion-title-text fusion-title-size-three\" style=\"--awb-margin-top-small:10px;--awb-margin-right-small:0px;--awb-margin-bottom-small:10px;--awb-margin-left-small:0px;\"><h3 class=\"fusion-title-heading title-heading-left\" style=\"margin:0;\">\u00bfQu\u00e9 es la odontolog\u00eda deportiva?<\/h3><\/div><div class=\"fusion-text fusion-text-2\"><p>La odontolog\u00eda deportiva es una especialidad de la odontolog\u00eda que estudia y trata los efectos de la pr\u00e1ctica deportiva sobre la boca y las estructuras orales, as\u00ed como aquellos problemas bucodentales que pueden afectar tanto al rendimiento f\u00edsico como a la salud general del deportista.<\/p>\n<p>No s\u00f3lo act\u00faa ante lesiones traum\u00e1ticas, sino que tambi\u00e9n analiza c\u00f3mo factores como la inflamaci\u00f3n, las infecciones o los desequilibrios oclusales pueden influir en la funci\u00f3n muscular, el equilibrio corporal y la capacidad de recuperaci\u00f3n.<\/p>\n<\/div><div class=\"fusion-title title fusion-title-4 fusion-sep-none fusion-title-text fusion-title-size-three\" style=\"--awb-margin-top-small:10px;--awb-margin-right-small:0px;--awb-margin-bottom-small:10px;--awb-margin-left-small:0px;\"><h3 class=\"fusion-title-heading title-heading-left\" style=\"margin:0;\">\u00bfEn qu\u00e9 casos se aplica la odontolog\u00eda deportiva?<\/h3><\/div><div class=\"fusion-text fusion-text-3\"><p>La odontolog\u00eda deportiva est\u00e1 especialmente recomendada para:<\/p>\n<ul>\n<li>Deportistas de contacto o con riesgo de impactos en boca (f\u00fatbol, \u200b\u200brugby, baloncesto, artes marciales, etc.).<\/li>\n<li>Personas activas de cualquier nivel, desde aficionados hasta deportistas profesionales.<\/li>\n<li>Pacientes con bruxismo, dolor mandibular o maloclusi\u00f3n asociados al esfuerzo f\u00edsico o al estr\u00e9s deportivo.<\/li>\n<\/ul>\n<p>Adem\u00e1s, es aconsejable realizar revisiones preventivas antes de cada temporada, con el objetivo de reducir el riesgo de lesiones y detectar posibles problemas orales que puedan interferir en su rendimiento.<\/p>\n<\/div><\/div><\/div><div class=\"fusion-layout-column fusion_builder_column fusion-builder-column-3 fusion_builder_column_1_2 1_2 fusion-flex-column\" style=\"--awb-bg-size:cover;--awb-width-large:50%;--awb-margin-top-large:0px;--awb-spacing-right-large:3.84%;--awb-margin-bottom-large:20px;--awb-spacing-left-large:3.84%;--awb-width-medium:50%;--awb-order-medium:0;--awb-spacing-right-medium:3.84%;--awb-spacing-left-medium:3.84%;--awb-width-small:100%;--awb-order-small:0;--awb-spacing-right-small:1.92%;--awb-spacing-left-small:1.92%;\"><div class=\"fusion-column-wrapper lazyload fusion-column-has-shadow fusion-flex-justify-content-flex-start fusion-content-layout-column fusion-empty-column-bg-image fusion-column-has-bg-image\" data-bg-url=\"https:\/\/clinicadentalsitges.com\/wp-content\/uploads\/2026\/01\/clinica-dental-sitges-odontologia-deportiva-1.jpg\" data-bg=\"https:\/\/clinicadentalsitges.com\/wp-content\/uploads\/2026\/01\/clinica-dental-sitges-odontologia-deportiva-1.jpg\"><img decoding=\"async\" class=\"fusion-empty-dims-img-placeholder fusion-no-large-visibility fusion-no-medium-visibility\" alt=\"Clinica Dental Sitges Odontologia Deportiva 1\" aria-label=\"Clinica Dental Sitges Odontologia Deportiva 1\" src=\"data:image\/svg+xml,%3Csvg%20xmlns%3D%27http%3A%2F%2Fwww.w3.org%2F2000%2Fsvg%27%20width%3D%271500%27%20height%3D%271500%27%20viewBox%3D%270%200%201500%201500%27%3E%3Crect%20width%3D%271500%27%20height%3D%271500%27%20fill-opacity%3D%220%22%2F%3E%3C%2Fsvg%3E\" title=\"\"><\/div><\/div><\/div><\/div><div class=\"fusion-fullwidth fullwidth-box fusion-builder-row-3 fusion-flex-container has-pattern-background has-mask-background hundred-percent-fullwidth non-hundred-percent-height-scrolling\" style=\"--awb-border-radius-top-left:0px;--awb-border-radius-top-right:0px;--awb-border-radius-bottom-right:0px;--awb-border-radius-bottom-left:0px;--awb-padding-top:3%;--awb-padding-bottom:3%;--awb-flex-wrap:wrap;\" ><div class=\"fusion-builder-row fusion-row fusion-flex-align-items-stretch fusion-flex-content-wrap\" style=\"width:104% !important;max-width:104% !important;margin-left: calc(-4% \/ 2 );margin-right: calc(-4% \/ 2 );\"><div class=\"fusion-layout-column fusion_builder_column fusion-builder-column-4 fusion_builder_column_1_2 1_2 fusion-flex-column\" style=\"--awb-bg-size:cover;--awb-width-large:50%;--awb-margin-top-large:0px;--awb-spacing-right-large:3.84%;--awb-margin-bottom-large:20px;--awb-spacing-left-large:3.84%;--awb-width-medium:50%;--awb-order-medium:0;--awb-spacing-right-medium:3.84%;--awb-spacing-left-medium:3.84%;--awb-width-small:100%;--awb-order-small:1;--awb-spacing-right-small:1.92%;--awb-spacing-left-small:1.92%;\"><div class=\"fusion-column-wrapper lazyload fusion-column-has-shadow fusion-flex-justify-content-flex-start fusion-content-layout-column fusion-empty-column-bg-image fusion-column-has-bg-image\" data-bg-url=\"https:\/\/clinicadentalsitges.com\/wp-content\/uploads\/2026\/01\/clinica-dental-sitges-odontologia-deportiva-0.jpg\" data-bg=\"https:\/\/clinicadentalsitges.com\/wp-content\/uploads\/2026\/01\/clinica-dental-sitges-odontologia-deportiva-0.jpg\"><img decoding=\"async\" class=\"fusion-empty-dims-img-placeholder fusion-no-large-visibility fusion-no-medium-visibility\" alt=\"Clinica Dental Sitges Odontologia Deportiva 0\" aria-label=\"Clinica Dental Sitges Odontologia Deportiva 0\" src=\"data:image\/svg+xml,%3Csvg%20xmlns%3D%27http%3A%2F%2Fwww.w3.org%2F2000%2Fsvg%27%20width%3D%271500%27%20height%3D%271500%27%20viewBox%3D%270%200%201500%201500%27%3E%3Crect%20width%3D%271500%27%20height%3D%271500%27%20fill-opacity%3D%220%22%2F%3E%3C%2Fsvg%3E\" title=\"\"><\/div><\/div><div class=\"fusion-layout-column fusion_builder_column fusion-builder-column-5 fusion_builder_column_1_2 1_2 fusion-flex-column\" style=\"--awb-bg-size:cover;--awb-width-large:50%;--awb-margin-top-large:0px;--awb-spacing-right-large:3.84%;--awb-margin-bottom-large:20px;--awb-spacing-left-large:3.84%;--awb-width-medium:50%;--awb-order-medium:0;--awb-spacing-right-medium:3.84%;--awb-spacing-left-medium:3.84%;--awb-width-small:100%;--awb-order-small:0;--awb-spacing-right-small:1.92%;--awb-spacing-left-small:1.92%;\"><div class=\"fusion-column-wrapper fusion-column-has-shadow fusion-flex-justify-content-flex-start fusion-content-layout-column\"><div class=\"fusion-title title fusion-title-5 fusion-sep-none fusion-title-text fusion-title-size-three\" style=\"--awb-margin-top-small:10px;--awb-margin-right-small:0px;--awb-margin-bottom-small:10px;--awb-margin-left-small:0px;\"><h3 class=\"fusion-title-heading title-heading-left\" style=\"margin:0;\">\u00bfCu\u00e1les son los principales beneficios de la odontolog\u00eda deportiva?<\/h3><\/div><div class=\"fusion-text fusion-text-4\"><ul>\n<li><strong>Prevenci\u00f3n de lesiones orales:<\/strong> reduce el riesgo de fracturas dentales, lesiones en tejidos blandos y da\u00f1os mandibulares.<\/li>\n<li><strong>Protectores bucales personalizados:<\/strong> ofrecen mayor protecci\u00f3n, comodidad y adaptaci\u00f3n que los modelos est\u00e1ndar.<\/li>\n<li><strong>Mejora del rendimiento deportivo:<\/strong> una boca sana favorece la concentraci\u00f3n, respiraci\u00f3n y funci\u00f3n muscular.<\/li>\n<li><strong>Detecci\u00f3n y tratamiento precoz:<\/strong> permite abordar problemas bucodentales antes de que afecten a la salud general o al rendimiento f\u00edsico.<\/li>\n<\/ul>\n<\/div><div class=\"fusion-title title fusion-title-6 fusion-sep-none fusion-title-text fusion-title-size-three\" style=\"--awb-margin-top-small:10px;--awb-margin-right-small:0px;--awb-margin-bottom-small:10px;--awb-margin-left-small:0px;\"><h3 class=\"fusion-title-heading title-heading-left\" style=\"margin:0;\">\u00bfQu\u00e9 servicios incluye la odontolog\u00eda deportiva?<\/h3><\/div><div class=\"fusion-text fusion-text-5\"><p>Dentro de nuestro servicio de odontolog\u00eda deportiva en el Bages, ofrecemos:<\/p>\n<ul>\n<li>Protectores bucales deportivos personalizados y hechos a medida.<\/li>\n<li>Revisiones preventivas y controles adaptados a las necesidades del deportista.<\/li>\n<li>Tratamiento de lesiones dentales deportivas: fracturas, desplazamientos y traumatismos.<\/li>\n<li>Seguimiento y tratamiento del bruxismo y de las alteraciones de la articulaci\u00f3n temporomandibular (ATM).<\/li>\n<\/ul>\n<\/div><\/div><\/div><\/div><\/div><div class=\"fusion-fullwidth fullwidth-box fusion-builder-row-4 fusion-flex-container has-pattern-background has-mask-background hundred-percent-fullwidth non-hundred-percent-height-scrolling\" style=\"--awb-border-radius-top-left:0px;--awb-border-radius-top-right:0px;--awb-border-radius-bottom-right:0px;--awb-border-radius-bottom-left:0px;--awb-padding-top:3%;--awb-padding-bottom:3%;--awb-background-color:#f4f4f4;--awb-flex-wrap:wrap;\" ><div class=\"fusion-builder-row fusion-row fusion-flex-align-items-center fusion-flex-align-content-space-between fusion-flex-content-wrap\" style=\"width:104% !important;max-width:104% !important;margin-left: calc(-4% \/ 2 );margin-right: calc(-4% \/ 2 );\"><div class=\"fusion-layout-column fusion_builder_column fusion-builder-column-6 fusion_builder_column_1_1 1_1 fusion-flex-column fusion-flex-align-self-stretch\" style=\"--awb-bg-size:cover;--awb-width-large:100%;--awb-margin-top-large:0px;--awb-spacing-right-large:1.92%;--awb-margin-bottom-large:20px;--awb-spacing-left-large:1.92%;--awb-width-medium:100%;--awb-order-medium:0;--awb-spacing-right-medium:1.92%;--awb-spacing-left-medium:1.92%;--awb-width-small:100%;--awb-order-small:0;--awb-spacing-right-small:1.92%;--awb-spacing-left-small:1.92%;\"><div class=\"fusion-column-wrapper fusion-column-has-shadow fusion-flex-justify-content-space-between fusion-content-layout-column\"><div class=\"fusion-title title fusion-title-7 fusion-sep-none fusion-title-center fusion-title-text fusion-title-size-three\" style=\"--awb-text-color:#000000;--awb-margin-top-small:10px;--awb-margin-right-small:0px;--awb-margin-bottom-small:10px;--awb-margin-left-small:0px;\"><h3 class=\"fusion-title-heading title-heading-center\" style=\"margin:0;\">FAQs sobre nuestro servicio de odontolog\u00eda deportiva en el Bages<\/h3><\/div><style type=\"text\/css\">#accordian-1 .fusion-panel:hover,#accordian-1 .fusion-panel.hover{ background-color: var(--awb-color2) } #accordian-1 .fusion-panel { border-color:var(--awb-color3); border-width:1px; background-color:var(--awb-color1); }.fusion-accordian #accordian-1 .panel-title a .fa-fusion-box:before{ font-size: 16px;width: 16px;}.fusion-accordian #accordian-1 .panel-title a .fa-fusion-box{ color: var(--awb-color1);}.fusion-accordian  #accordian-1 .panel-title a{font-family:var(--awb-typography1-font-family);font-weight:var(--awb-typography1-font-weight);font-style:var(--awb-typography1-font-style);}.fusion-accordian  #accordian-1 .panel-title a:not(:hover){}.fusion-accordian  #accordian-1 .toggle-content{font-family:var(--awb-typography4-font-family);font-weight:var(--awb-typography4-font-weight);font-style:var(--awb-typography4-font-style);}.fusion-accordian #accordian-1 .fa-fusion-box { background-color: var(--awb-color7) !important;border-color: var(--awb-color7) !important;}.fusion-accordian #accordian-1 .panel-title a:hover,.fusion-accordian #accordian-1 .panel-title a.hover { color: var(--awb-color5);}.fusion-faq-shortcode .fusion-accordian #accordian-1 .fusion-toggle-boxed-mode:hover .panel-title a { color: var(--awb-color5);}.fusion-accordian #accordian-1 .panel-title .active .fa-fusion-box,.fusion-accordian #accordian-1 .panel-title a:hover .fa-fusion-box,.fusion-accordian #accordian-1 .panel-title a.hover .fa-fusion-box { background-color: var(--awb-color5)!important;border-color: var(--awb-color5)!important;}<\/style><div class=\"fusion-faq-shortcode\" style=\"margin-top:3%;\"><div class=\"fusion-faqs-wrapper\"><div class=\"accordian fusion-accordian\"><div class=\"panel-group \" id=\"accordian-1\"><div class=\"fusion-panel fusion-toggle-no-divider fusion-toggle-boxed-mode panel-default fusion-faq-post fusion-faq-post-832 odontologia-deportiva \"><span class=\"entry-title rich-snippet-hidden\">\u00bfPuede una mala salud bucodental afectar a mi rendimiento deportivo?<\/span><span class=\"vcard rich-snippet-hidden\"><span class=\"fn\"><a href=\"https:\/\/clinicadentalsitges.com\/es\/author\/admin\/\" title=\"Entradas de admin\" rel=\"author\">admin<\/a><\/span><\/span><span class=\"updated rich-snippet-hidden\">2026-03-30T15:56:10+02:00<\/span><div class=\"panel-heading\"><h4 id=\"faq_1-832\" class=\"panel-title toggle\"><a data-toggle=\"collapse\" class=\"collapsed\" data-parent=\"#accordian-1\" data-target=\"#collapse-1-832\" href=\"#collapse-1-832\" aria-expanded=\"false\"><div class=\"fusion-toggle-icon-wrapper\"><div class=\"fusion-toggle-icon-wrapper-main\"><div class=\"fusion-toggle-icon-wrapper-sub\"><i class=\"fa-fusion-box active-icon awb-icon-minus\" aria-hidden=\"true\"><\/i><i class=\"fa-fusion-box inactive-icon awb-icon-plus\" aria-hidden=\"true\"><\/i><\/div><\/div><\/div><div class=\"fusion-toggle-heading\">\u00bfPuede una mala salud bucodental afectar a mi rendimiento deportivo?<\/div><\/a><\/h4><\/div><div id=\"collapse-1-832\" aria-labelledby=\"faq_1-832\" class=\"panel-collapse collapse\"><div class=\"panel-body toggle-content post-content\"><p>S\u00ed. La presencia de infecciones, inflamaci\u00f3n, bruxismo o maloclusi\u00f3n puede influir negativamente en la funci\u00f3n muscular, aumentar la fatiga y ralentizar la recuperaci\u00f3n f\u00edsica. Mantener una salud bucodental \u00f3ptima ayuda a que su cuerpo funcione de forma m\u00e1s eficiente.<\/p>\n<\/div><\/div><\/div><div class=\"fusion-panel fusion-toggle-no-divider fusion-toggle-boxed-mode panel-default fusion-faq-post fusion-faq-post-834 odontologia-deportiva \"><span class=\"entry-title rich-snippet-hidden\">\u00bfCon qu\u00e9 frecuencia deber\u00edan visitar el odont\u00f3logo los deportistas?<\/span><span class=\"vcard rich-snippet-hidden\"><span class=\"fn\"><a href=\"https:\/\/clinicadentalsitges.com\/es\/author\/admin\/\" title=\"Entradas de admin\" rel=\"author\">admin<\/a><\/span><\/span><span class=\"updated rich-snippet-hidden\">2026-03-30T15:56:32+02:00<\/span><div class=\"panel-heading\"><h4 id=\"faq_1-834\" class=\"panel-title toggle\"><a data-toggle=\"collapse\" class=\"collapsed\" data-parent=\"#accordian-1\" data-target=\"#collapse-1-834\" href=\"#collapse-1-834\" aria-expanded=\"false\"><div class=\"fusion-toggle-icon-wrapper\"><div class=\"fusion-toggle-icon-wrapper-main\"><div class=\"fusion-toggle-icon-wrapper-sub\"><i class=\"fa-fusion-box active-icon awb-icon-minus\" aria-hidden=\"true\"><\/i><i class=\"fa-fusion-box inactive-icon awb-icon-plus\" aria-hidden=\"true\"><\/i><\/div><\/div><\/div><div class=\"fusion-toggle-heading\">\u00bfCon qu\u00e9 frecuencia deber\u00edan visitar el odont\u00f3logo los deportistas?<\/div><\/a><\/h4><\/div><div id=\"collapse-1-834\" aria-labelledby=\"faq_1-834\" class=\"panel-collapse collapse\"><div class=\"panel-body toggle-content post-content\"><p>Desde la Cl\u00ednica Dental Dres. Sitges recomendamos realizar revisiones dentales cada 6 a 12 meses, especialmente si practica deportes de riesgo o presenta molestias dentales. Estas visitas permiten detectar y corregir problemas antes de que afecten a su salud o rendimiento.<\/p>\n<\/div><\/div><\/div><div class=\"fusion-panel fusion-toggle-no-divider fusion-toggle-boxed-mode panel-default fusion-faq-post fusion-faq-post-871 odontologia-deportiva \"><span class=\"entry-title rich-snippet-hidden\">\u00bfQu\u00e9 es un protector bucal deportivo y por qu\u00e9 es importante?<\/span><span class=\"vcard rich-snippet-hidden\"><span class=\"fn\"><a href=\"https:\/\/clinicadentalsitges.com\/es\/author\/admin\/\" title=\"Entradas de admin\" rel=\"author\">admin<\/a><\/span><\/span><span class=\"updated rich-snippet-hidden\">2026-03-30T15:56:48+02:00<\/span><div class=\"panel-heading\"><h4 id=\"faq_1-871\" class=\"panel-title toggle\"><a data-toggle=\"collapse\" class=\"collapsed\" data-parent=\"#accordian-1\" data-target=\"#collapse-1-871\" href=\"#collapse-1-871\" aria-expanded=\"false\"><div class=\"fusion-toggle-icon-wrapper\"><div class=\"fusion-toggle-icon-wrapper-main\"><div class=\"fusion-toggle-icon-wrapper-sub\"><i class=\"fa-fusion-box active-icon awb-icon-minus\" aria-hidden=\"true\"><\/i><i class=\"fa-fusion-box inactive-icon awb-icon-plus\" aria-hidden=\"true\"><\/i><\/div><\/div><\/div><div class=\"fusion-toggle-heading\">\u00bfQu\u00e9 es un protector bucal deportivo y por qu\u00e9 es importante?<\/div><\/a><\/h4><\/div><div id=\"collapse-1-871\" aria-labelledby=\"faq_1-871\" class=\"panel-collapse collapse\"><div class=\"panel-body toggle-content post-content\"><p>Un protector bucal deportivo es un dispositivo dise\u00f1ado a medida seg\u00fan la anatom\u00eda de su boca, cuya funci\u00f3n es amortiguar los impactos, proteger los dientes y reducir el riesgo de lesiones orales durante la pr\u00e1ctica deportiva.<\/p>\n<\/div><\/div><\/div><\/div><\/div><\/div><\/div><\/div><\/div><\/div><\/div><\/p>\n","protected":false},"excerpt":{"rendered":"","protected":false},"author":1,"featured_media":0,"parent":565,"menu_order":0,"comment_status":"closed","ping_status":"closed","template":"100-width.php","meta":{"footnotes":""},"class_list":["post-574","page","type-page","status-publish","hentry"],"_links":{"self":[{"href":"https:\/\/clinicadentalsitges.com\/es\/wp-json\/wp\/v2\/pages\/574","targetHints":{"allow":["GET"]}}],"collection":[{"href":"https:\/\/clinicadentalsitges.com\/es\/wp-json\/wp\/v2\/pages"}],"about":[{"href":"https:\/\/clinicadentalsitges.com\/es\/wp-json\/wp\/v2\/types\/page"}],"author":[{"embeddable":true,"href":"https:\/\/clinicadentalsitges.com\/es\/wp-json\/wp\/v2\/users\/1"}],"replies":[{"embeddable":true,"href":"https:\/\/clinicadentalsitges.com\/es\/wp-json\/wp\/v2\/comments?post=574"}],"version-history":[{"count":6,"href":"https:\/\/clinicadentalsitges.com\/es\/wp-json\/wp\/v2\/pages\/574\/revisions"}],"predecessor-version":[{"id":1086,"href":"https:\/\/clinicadentalsitges.com\/es\/wp-json\/wp\/v2\/pages\/574\/revisions\/1086"}],"up":[{"embeddable":true,"href":"https:\/\/clinicadentalsitges.com\/es\/wp-json\/wp\/v2\/pages\/565"}],"wp:attachment":[{"href":"https:\/\/clinicadentalsitges.com\/es\/wp-json\/wp\/v2\/media?parent=574"}],"curies":[{"name":"wp","href":"https:\/\/api.w.org\/{rel}","templated":true}]}}